{"id":2938,"date":"2023-08-31T12:20:09","date_gmt":"2023-08-31T12:20:09","guid":{"rendered":"https:\/\/dev.epoxy-emporium.pt\/processes\/websites\/sistemas-de-resina\/?post_type=product&#038;p=2938"},"modified":"2025-12-02T02:41:51","modified_gmt":"2025-12-02T02:41:51","slug":"fita-de-pintor","status":"publish","type":"product","link":"https:\/\/epoxy-emporium.pt\/pt\/produto\/fita-de-pintor\/","title":{"rendered":"Fita Pintor"},"content":{"rendered":"\t\t<div data-elementor-type=\"product-post\" data-elementor-id=\"2938\" class=\"elementor elementor-2938\" data-elementor-post-type=\"product\">\n\t\t\t\t\t\t<section class=\"elementor-section elementor-top-section elementor-element elementor-element-736a781 elementor-section-boxed elementor-section-height-default elementor-section-height-default\" data-id=\"736a781\" data-element_type=\"section\" data-settings=\"{&quot;background_background&quot;:&quot;classic&quot;,&quot;background_motion_fx_motion_fx_scrolling&quot;:&quot;yes&quot;,&quot;background_motion_fx_translateX_effect&quot;:&quot;yes&quot;,&quot;background_motion_fx_range&quot;:&quot;viewport&quot;,&quot;background_motion_fx_translateX_speed&quot;:{&quot;unit&quot;:&quot;px&quot;,&quot;size&quot;:4,&quot;sizes&quot;:[]},&quot;background_motion_fx_translateX_affectedRange&quot;:{&quot;unit&quot;:&quot;%&quot;,&quot;size&quot;:&quot;&quot;,&quot;sizes&quot;:{&quot;start&quot;:0,&quot;end&quot;:100}},&quot;background_motion_fx_devices&quot;:[&quot;desktop&quot;,&quot;tablet&quot;,&quot;mobile&quot;]}\">\n\t\t\t\t\t\t<div class=\"elementor-container elementor-column-gap-default\">\n\t\t\t\t\t<div class=\"elementor-column elementor-col-100 elementor-top-column elementor-element elementor-element-3a6d309\" data-id=\"3a6d309\" data-element_type=\"column\">\n\t\t\t<div class=\"elementor-widget-wrap elementor-element-populated\">\n\t\t\t\t\t\t<section class=\"elementor-section elementor-inner-section elementor-element elementor-element-8c1bcb8 elementor-section-boxed elementor-section-height-default elementor-section-height-default\" data-id=\"8c1bcb8\" data-element_type=\"section\">\n\t\t\t\t\t\t<div class=\"elementor-container elementor-column-gap-default\">\n\t\t\t\t\t<div class=\"elementor-column elementor-col-100 elementor-inner-column elementor-element elementor-element-28b75f3\" data-id=\"28b75f3\" data-element_type=\"column\">\n\t\t\t<div class=\"elementor-widget-wrap elementor-element-populated\">\n\t\t\t\t\t\t<div class=\"elementor-element elementor-element-063c8f4 elementor-widget-mobile__width-auto elementor-widget__width-initial elementor-invisible elementor-widget elementor-widget-heading\" data-id=\"063c8f4\" data-element_type=\"widget\" data-settings=\"{&quot;_animation&quot;:&quot;fadeInUp&quot;}\" data-widget_type=\"heading.default\">\n\t\t\t\t<div class=\"elementor-widget-container\">\n\t\t\t\t\t<h2 class=\"elementor-heading-title elementor-size-default\">Descri\u00e7\u00e3o<\/h2>\t\t\t\t<\/div>\n\t\t\t\t<\/div>\n\t\t\t\t<div class=\"elementor-element elementor-element-93ba6f7 elementor-widget-mobile__width-auto e-transform elementor-widget__width-initial elementor-view-default elementor-invisible elementor-widget elementor-widget-icon\" data-id=\"93ba6f7\" data-element_type=\"widget\" data-settings=\"{&quot;_transform_rotateZ_effect_mobile&quot;:{&quot;unit&quot;:&quot;deg&quot;,&quot;size&quot;:180,&quot;sizes&quot;:[]},&quot;_animation&quot;:&quot;fadeInUp&quot;,&quot;_transform_rotateZ_effect&quot;:{&quot;unit&quot;:&quot;px&quot;,&quot;size&quot;:&quot;&quot;,&quot;sizes&quot;:[]},&quot;_transform_rotateZ_effect_tablet&quot;:{&quot;unit&quot;:&quot;deg&quot;,&quot;size&quot;:&quot;&quot;,&quot;sizes&quot;:[]}}\" data-widget_type=\"icon.default\">\n\t\t\t\t<div class=\"elementor-widget-container\">\n\t\t\t\t\t\t\t<div class=\"elementor-icon-wrapper\">\n\t\t\t<div class=\"elementor-icon\">\n\t\t\t<svg xmlns=\"http:\/\/www.w3.org\/2000\/svg\" id=\"Layer_1\" data-name=\"Layer 1\" viewBox=\"0 0 34 34\"><path d=\"M34,1V27a1,1,0,1,1-2,0V3.41L1.71,33.71A1,1,0,0,1,1,34a1,1,0,0,1-.71-1.71L30.59,2H7a1,1,0,0,1-.71-.29A1,1,0,0,1,6,1,1,1,0,0,1,6.29.29,1,1,0,0,1,7,0H33a1,1,0,0,1,.71.29A1,1,0,0,1,34,1Z\" transform=\"translate(0)\"><\/path><\/svg>\t\t\t<\/div>\n\t\t<\/div>\n\t\t\t\t\t\t<\/div>\n\t\t\t\t<\/div>\n\t\t\t\t<div class=\"elementor-element elementor-element-c704150 elementor-widget elementor-widget-spacer\" data-id=\"c704150\" data-element_type=\"widget\" data-widget_type=\"spacer.default\">\n\t\t\t\t<div class=\"elementor-widget-container\">\n\t\t\t\t\t\t\t<div class=\"elementor-spacer\">\n\t\t\t<div class=\"elementor-spacer-inner\"><\/div>\n\t\t<\/div>\n\t\t\t\t\t\t<\/div>\n\t\t\t\t<\/div>\n\t\t\t\t<div class=\"elementor-element elementor-element-c3f04b7 elementor-invisible elementor-widget elementor-widget-text-editor\" data-id=\"c3f04b7\" data-element_type=\"widget\" data-settings=\"{&quot;_animation&quot;:&quot;fadeInUp&quot;}\" data-widget_type=\"text-editor.default\">\n\t\t\t\t<div class=\"elementor-widget-container\">\n\t\t\t\t\t\t\t\t\t<p>A fita de pintor \u00e9 o aliado ideal para criar barreiras contra a a resina ep\u00f3xi. Al\u00e9m disso, \u00e9 uma alternativa mais econ\u00f3mica para a confe\u00e7\u00e3o de moldes.<\/p><p>Por exemplo, ao renovar a bancada da cozinha, aplica a fita de pintor nas bordas que ficar\u00e3o expostas. Com duas voltas de fita em todas as bordas, garantes uma barreira robusta e podes aplicar a resina sem hesita\u00e7\u00e3o. Quando a resina ep\u00f3xi come\u00e7ar a gelificar (ap\u00f3s 45 a 60 minutos), remove cuidadosamente a fita de pintor e deixa a resina cair naturalmente pelas bordas da bancada. Isso criar\u00e1 uma cobertura uniforme em toda a bancada, praticamente sem desperd\u00edcio de resina! N\u00e3o te esque\u00e7as de proteger os arm\u00e1rios e o ch\u00e3o; \u00e9 mais eficiente gastar um pouco mais de tempo a preparar estas \u00e1reas do que limpar a resina depois!<\/p><p>As dimens\u00f5es da fita s\u00e3o 24mm x 50m, proporcionando uma ampla cobertura para os teus projetos de resina ep\u00f3xi.<\/p>\t\t\t\t\t\t\t\t<\/div>\n\t\t\t\t<\/div>\n\t\t\t\t\t<\/div>\n\t\t<\/div>\n\t\t\t\t\t<\/div>\n\t\t<\/section>\n\t\t\t\t\t<\/div>\n\t\t<\/div>\n\t\t\t\t\t<\/div>\n\t\t<\/section>\n\t\t\t\t<\/div>\n\t\t","protected":false},"excerpt":{"rendered":"<p>Descri\u00e7\u00e3o &nbsp; A fita de pintor \u00e9 o aliado ideal para criar barreiras contra a a resina ep\u00f3xi. Al\u00e9m disso, \u00e9 uma alternativa mais econ\u00f3mica para a confe\u00e7\u00e3o de moldes. Por exemplo, ao renovar a bancada da cozinha, aplica a fita de pintor nas bordas que ficar\u00e3o expostas. Com duas voltas de fita em todas [&hellip;]<\/p>\n","protected":false},"featured_media":6229,"comment_status":"open","ping_status":"closed","template":"","meta":{"_acf_changed":false},"product_brand":[],"product_cat":[35],"product_tag":[],"class_list":{"0":"post-2938","1":"product","2":"type-product","3":"status-publish","4":"has-post-thumbnail","6":"product_cat-fita-de-pintura","7":"product_shipping_class-weight-based","9":"first","10":"instock","11":"taxable","12":"shipping-taxable","13":"purchasable","14":"product-type-simple"},"acf":[],"yoast_head":"<!-- This site is optimized with the Yoast SEO plugin v26.0 - https:\/\/yoast.com\/wordpress\/plugins\/seo\/ -->\n<title>Fita de Pintor Resistente e de F\u00e1cil Remo\u00e7\u00e3o | Epoxy Emporium<\/title>\n<meta name=\"description\" content=\"Aliado perfeito para limitar a resina ep\u00f3xi, a Fita de Pintor \u00e9 flex\u00edvel, adere bem, molda-se facilmente e podes remov\u00ea-la sem res\u00edduos.\" \/>\n<meta name=\"robots\" content=\"index, follow, max-snippet:-1, max-image-preview:large, max-video-preview:-1\" \/>\n<link rel=\"canonical\" href=\"https:\/\/epoxy-emporium.pt\/pt\/produto\/fita-de-pintor\/\" \/>\n<meta property=\"og:locale\" content=\"pt_PT\" \/>\n<meta property=\"og:type\" content=\"article\" \/>\n<meta property=\"og:title\" content=\"Fita de Pintor Resistente e de F\u00e1cil Remo\u00e7\u00e3o | Epoxy Emporium\" \/>\n<meta property=\"og:description\" content=\"Aliado perfeito para limitar a resina ep\u00f3xi, a Fita de Pintor \u00e9 flex\u00edvel, adere bem, molda-se facilmente e podes remov\u00ea-la sem res\u00edduos.\" \/>\n<meta property=\"og:url\" content=\"https:\/\/epoxy-emporium.pt\/pt\/produto\/fita-de-pintor\/\" \/>\n<meta property=\"og:site_name\" content=\"epoxy-emporium.pt\" \/>\n<meta property=\"article:publisher\" content=\"https:\/\/www.facebook.com\/EpoxyEmporium.Resina\/\" \/>\n<meta property=\"article:modified_time\" content=\"2025-12-02T02:41:51+00:00\" \/>\n<meta property=\"og:image\" content=\"https:\/\/epoxy-emporium.pt\/wp-content\/uploads\/2023\/08\/Fita-de-Pintor.jpg\" \/>\n\t<meta property=\"og:image:width\" content=\"1200\" \/>\n\t<meta property=\"og:image:height\" content=\"1200\" \/>\n\t<meta property=\"og:image:type\" content=\"image\/jpeg\" \/>\n<meta name=\"twitter:card\" content=\"summary_large_image\" \/>\n<meta name=\"twitter:label1\" content=\"Tempo estimado de leitura\" \/>\n\t<meta name=\"twitter:data1\" content=\"2 minutos\" \/>\n<script type=\"application\/ld+json\" class=\"yoast-schema-graph\">{\"@context\":\"https:\/\/schema.org\",\"@graph\":[{\"@type\":\"WebPage\",\"@id\":\"https:\/\/epoxy-emporium.pt\/produto\/fita-de-pintor\/\",\"url\":\"https:\/\/epoxy-emporium.pt\/produto\/fita-de-pintor\/\",\"name\":\"Fita de Pintor Resistente e de F\u00e1cil Remo\u00e7\u00e3o | Epoxy Emporium\",\"isPartOf\":{\"@id\":\"https:\/\/epoxy-emporium.pt\/pt\/#website\"},\"primaryImageOfPage\":{\"@id\":\"https:\/\/epoxy-emporium.pt\/produto\/fita-de-pintor\/#primaryimage\"},\"image\":{\"@id\":\"https:\/\/epoxy-emporium.pt\/produto\/fita-de-pintor\/#primaryimage\"},\"thumbnailUrl\":\"https:\/\/epoxy-emporium.pt\/wp-content\/uploads\/2023\/08\/Fita-de-Pintor.jpg\",\"datePublished\":\"2023-08-31T12:20:09+00:00\",\"dateModified\":\"2025-12-02T02:41:51+00:00\",\"description\":\"Aliado perfeito para limitar a resina ep\u00f3xi, a Fita de Pintor \u00e9 flex\u00edvel, adere bem, molda-se facilmente e podes remov\u00ea-la sem res\u00edduos.\",\"breadcrumb\":{\"@id\":\"https:\/\/epoxy-emporium.pt\/produto\/fita-de-pintor\/#breadcrumb\"},\"inLanguage\":\"pt-PT\",\"potentialAction\":[{\"@type\":\"ReadAction\",\"target\":[\"https:\/\/epoxy-emporium.pt\/produto\/fita-de-pintor\/\"]}]},{\"@type\":\"ImageObject\",\"inLanguage\":\"pt-PT\",\"@id\":\"https:\/\/epoxy-emporium.pt\/produto\/fita-de-pintor\/#primaryimage\",\"url\":\"https:\/\/epoxy-emporium.pt\/wp-content\/uploads\/2023\/08\/Fita-de-Pintor.jpg\",\"contentUrl\":\"https:\/\/epoxy-emporium.pt\/wp-content\/uploads\/2023\/08\/Fita-de-Pintor.jpg\",\"width\":1200,\"height\":1200,\"caption\":\"Tr\u00eas rolos de fita de pintor para resina \u00e9poxi\"},{\"@type\":\"BreadcrumbList\",\"@id\":\"https:\/\/epoxy-emporium.pt\/produto\/fita-de-pintor\/#breadcrumb\",\"itemListElement\":[{\"@type\":\"ListItem\",\"position\":1,\"name\":\"Home\",\"item\":\"https:\/\/epoxy-emporium.pt\/pt\/\"},{\"@type\":\"ListItem\",\"position\":2,\"name\":\"Shop\",\"item\":\"https:\/\/epoxy-emporium.pt\/pt\/shop\/\"},{\"@type\":\"ListItem\",\"position\":3,\"name\":\"Fita Pintor\"}]},{\"@type\":\"WebSite\",\"@id\":\"https:\/\/epoxy-emporium.pt\/pt\/#website\",\"url\":\"https:\/\/epoxy-emporium.pt\/pt\/\",\"name\":\"Epoxy Emporium\",\"description\":\"\",\"publisher\":{\"@id\":\"https:\/\/epoxy-emporium.pt\/pt\/#organization\"},\"potentialAction\":[{\"@type\":\"SearchAction\",\"target\":{\"@type\":\"EntryPoint\",\"urlTemplate\":\"https:\/\/epoxy-emporium.pt\/pt\/?s={search_term_string}\"},\"query-input\":{\"@type\":\"PropertyValueSpecification\",\"valueRequired\":true,\"valueName\":\"search_term_string\"}}],\"inLanguage\":\"pt-PT\"},{\"@type\":\"Organization\",\"@id\":\"https:\/\/epoxy-emporium.pt\/pt\/#organization\",\"name\":\"Epoxy Emporium\",\"url\":\"https:\/\/epoxy-emporium.pt\/pt\/\",\"logo\":{\"@type\":\"ImageObject\",\"inLanguage\":\"pt-PT\",\"@id\":\"https:\/\/epoxy-emporium.pt\/pt\/#\/schema\/logo\/image\/\",\"url\":\"https:\/\/epoxy-emporium.pt\/wp-content\/uploads\/2023\/04\/Logo-x2.png\",\"contentUrl\":\"https:\/\/epoxy-emporium.pt\/wp-content\/uploads\/2023\/04\/Logo-x2.png\",\"width\":600,\"height\":160,\"caption\":\"Epoxy Emporium\"},\"image\":{\"@id\":\"https:\/\/epoxy-emporium.pt\/pt\/#\/schema\/logo\/image\/\"},\"sameAs\":[\"https:\/\/www.facebook.com\/EpoxyEmporium.Resina\/\",\"https:\/\/www.instagram.com\/epoxyemporium.resin\/\"]}]}<\/script>\n<!-- \/ Yoast SEO plugin. -->","yoast_head_json":{"title":"Fita de Pintor Resistente e de F\u00e1cil Remo\u00e7\u00e3o | Epoxy Emporium","description":"Aliado perfeito para limitar a resina ep\u00f3xi, a Fita de Pintor \u00e9 flex\u00edvel, adere bem, molda-se facilmente e podes remov\u00ea-la sem res\u00edduos.","robots":{"index":"index","follow":"follow","max-snippet":"max-snippet:-1","max-image-preview":"max-image-preview:large","max-video-preview":"max-video-preview:-1"},"canonical":"https:\/\/epoxy-emporium.pt\/pt\/produto\/fita-de-pintor\/","og_locale":"pt_PT","og_type":"article","og_title":"Fita de Pintor Resistente e de F\u00e1cil Remo\u00e7\u00e3o | Epoxy Emporium","og_description":"Aliado perfeito para limitar a resina ep\u00f3xi, a Fita de Pintor \u00e9 flex\u00edvel, adere bem, molda-se facilmente e podes remov\u00ea-la sem res\u00edduos.","og_url":"https:\/\/epoxy-emporium.pt\/pt\/produto\/fita-de-pintor\/","og_site_name":"epoxy-emporium.pt","article_publisher":"https:\/\/www.facebook.com\/EpoxyEmporium.Resina\/","article_modified_time":"2025-12-02T02:41:51+00:00","og_image":[{"width":1200,"height":1200,"url":"https:\/\/epoxy-emporium.pt\/wp-content\/uploads\/2023\/08\/Fita-de-Pintor.jpg","type":"image\/jpeg"}],"twitter_card":"summary_large_image","twitter_misc":{"Tempo estimado de leitura":"2 minutos"},"schema":{"@context":"https:\/\/schema.org","@graph":[{"@type":"WebPage","@id":"https:\/\/epoxy-emporium.pt\/produto\/fita-de-pintor\/","url":"https:\/\/epoxy-emporium.pt\/produto\/fita-de-pintor\/","name":"Fita de Pintor Resistente e de F\u00e1cil Remo\u00e7\u00e3o | Epoxy Emporium","isPartOf":{"@id":"https:\/\/epoxy-emporium.pt\/pt\/#website"},"primaryImageOfPage":{"@id":"https:\/\/epoxy-emporium.pt\/produto\/fita-de-pintor\/#primaryimage"},"image":{"@id":"https:\/\/epoxy-emporium.pt\/produto\/fita-de-pintor\/#primaryimage"},"thumbnailUrl":"https:\/\/epoxy-emporium.pt\/wp-content\/uploads\/2023\/08\/Fita-de-Pintor.jpg","datePublished":"2023-08-31T12:20:09+00:00","dateModified":"2025-12-02T02:41:51+00:00","description":"Aliado perfeito para limitar a resina ep\u00f3xi, a Fita de Pintor \u00e9 flex\u00edvel, adere bem, molda-se facilmente e podes remov\u00ea-la sem res\u00edduos.","breadcrumb":{"@id":"https:\/\/epoxy-emporium.pt\/produto\/fita-de-pintor\/#breadcrumb"},"inLanguage":"pt-PT","potentialAction":[{"@type":"ReadAction","target":["https:\/\/epoxy-emporium.pt\/produto\/fita-de-pintor\/"]}]},{"@type":"ImageObject","inLanguage":"pt-PT","@id":"https:\/\/epoxy-emporium.pt\/produto\/fita-de-pintor\/#primaryimage","url":"https:\/\/epoxy-emporium.pt\/wp-content\/uploads\/2023\/08\/Fita-de-Pintor.jpg","contentUrl":"https:\/\/epoxy-emporium.pt\/wp-content\/uploads\/2023\/08\/Fita-de-Pintor.jpg","width":1200,"height":1200,"caption":"Tr\u00eas rolos de fita de pintor para resina \u00e9poxi"},{"@type":"BreadcrumbList","@id":"https:\/\/epoxy-emporium.pt\/produto\/fita-de-pintor\/#breadcrumb","itemListElement":[{"@type":"ListItem","position":1,"name":"Home","item":"https:\/\/epoxy-emporium.pt\/pt\/"},{"@type":"ListItem","position":2,"name":"Shop","item":"https:\/\/epoxy-emporium.pt\/pt\/shop\/"},{"@type":"ListItem","position":3,"name":"Fita Pintor"}]},{"@type":"WebSite","@id":"https:\/\/epoxy-emporium.pt\/pt\/#website","url":"https:\/\/epoxy-emporium.pt\/pt\/","name":"Epoxy Emporium","description":"","publisher":{"@id":"https:\/\/epoxy-emporium.pt\/pt\/#organization"},"potentialAction":[{"@type":"SearchAction","target":{"@type":"EntryPoint","urlTemplate":"https:\/\/epoxy-emporium.pt\/pt\/?s={search_term_string}"},"query-input":{"@type":"PropertyValueSpecification","valueRequired":true,"valueName":"search_term_string"}}],"inLanguage":"pt-PT"},{"@type":"Organization","@id":"https:\/\/epoxy-emporium.pt\/pt\/#organization","name":"Epoxy Emporium","url":"https:\/\/epoxy-emporium.pt\/pt\/","logo":{"@type":"ImageObject","inLanguage":"pt-PT","@id":"https:\/\/epoxy-emporium.pt\/pt\/#\/schema\/logo\/image\/","url":"https:\/\/epoxy-emporium.pt\/wp-content\/uploads\/2023\/04\/Logo-x2.png","contentUrl":"https:\/\/epoxy-emporium.pt\/wp-content\/uploads\/2023\/04\/Logo-x2.png","width":600,"height":160,"caption":"Epoxy Emporium"},"image":{"@id":"https:\/\/epoxy-emporium.pt\/pt\/#\/schema\/logo\/image\/"},"sameAs":["https:\/\/www.facebook.com\/EpoxyEmporium.Resina\/","https:\/\/www.instagram.com\/epoxyemporium.resin\/"]}]}},"_links":{"self":[{"href":"https:\/\/epoxy-emporium.pt\/pt\/wp-json\/wp\/v2\/product\/2938","targetHints":{"allow":["GET"]}}],"collection":[{"href":"https:\/\/epoxy-emporium.pt\/pt\/wp-json\/wp\/v2\/product"}],"about":[{"href":"https:\/\/epoxy-emporium.pt\/pt\/wp-json\/wp\/v2\/types\/product"}],"replies":[{"embeddable":true,"href":"https:\/\/epoxy-emporium.pt\/pt\/wp-json\/wp\/v2\/comments?post=2938"}],"version-history":[{"count":14,"href":"https:\/\/epoxy-emporium.pt\/pt\/wp-json\/wp\/v2\/product\/2938\/revisions"}],"predecessor-version":[{"id":8547,"href":"https:\/\/epoxy-emporium.pt\/pt\/wp-json\/wp\/v2\/product\/2938\/revisions\/8547"}],"wp:featuredmedia":[{"embeddable":true,"href":"https:\/\/epoxy-emporium.pt\/pt\/wp-json\/wp\/v2\/media\/6229"}],"wp:attachment":[{"href":"https:\/\/epoxy-emporium.pt\/pt\/wp-json\/wp\/v2\/media?parent=2938"}],"wp:term":[{"taxonomy":"product_brand","embeddable":true,"href":"https:\/\/epoxy-emporium.pt\/pt\/wp-json\/wp\/v2\/product_brand?post=2938"},{"taxonomy":"product_cat","embeddable":true,"href":"https:\/\/epoxy-emporium.pt\/pt\/wp-json\/wp\/v2\/product_cat?post=2938"},{"taxonomy":"product_tag","embeddable":true,"href":"https:\/\/epoxy-emporium.pt\/pt\/wp-json\/wp\/v2\/product_tag?post=2938"}],"curies":[{"name":"wp","href":"https:\/\/api.w.org\/{rel}","templated":true}]}}