{"id":2891,"date":"2023-08-31T11:32:22","date_gmt":"2023-08-31T11:32:22","guid":{"rendered":"https:\/\/dev.epoxy-emporium.pt\/processes\/websites\/sistemas-de-resina\/?post_type=product&#038;p=2891"},"modified":"2025-12-02T02:41:54","modified_gmt":"2025-12-02T02:41:54","slug":"lixas-orbitais-125mm","status":"publish","type":"product","link":"https:\/\/epoxy-emporium.pt\/pt\/produto\/lixas-orbitais-125mm\/","title":{"rendered":"Lixas Orbitais de 125mm"},"content":{"rendered":"\t\t<div data-elementor-type=\"product-post\" data-elementor-id=\"2891\" class=\"elementor elementor-2891\" data-elementor-post-type=\"product\">\n\t\t\t\t\t\t<section class=\"elementor-section elementor-top-section elementor-element elementor-element-736a781 elementor-section-boxed elementor-section-height-default elementor-section-height-default\" data-id=\"736a781\" data-element_type=\"section\" data-settings=\"{&quot;background_background&quot;:&quot;classic&quot;,&quot;background_motion_fx_motion_fx_scrolling&quot;:&quot;yes&quot;,&quot;background_motion_fx_translateX_effect&quot;:&quot;yes&quot;,&quot;background_motion_fx_range&quot;:&quot;viewport&quot;,&quot;background_motion_fx_translateX_speed&quot;:{&quot;unit&quot;:&quot;px&quot;,&quot;size&quot;:4,&quot;sizes&quot;:[]},&quot;background_motion_fx_translateX_affectedRange&quot;:{&quot;unit&quot;:&quot;%&quot;,&quot;size&quot;:&quot;&quot;,&quot;sizes&quot;:{&quot;start&quot;:0,&quot;end&quot;:100}},&quot;background_motion_fx_devices&quot;:[&quot;desktop&quot;,&quot;tablet&quot;,&quot;mobile&quot;]}\">\n\t\t\t\t\t\t<div class=\"elementor-container elementor-column-gap-default\">\n\t\t\t\t\t<div class=\"elementor-column elementor-col-100 elementor-top-column elementor-element elementor-element-3a6d309\" data-id=\"3a6d309\" data-element_type=\"column\">\n\t\t\t<div class=\"elementor-widget-wrap elementor-element-populated\">\n\t\t\t\t\t\t<section class=\"elementor-section elementor-inner-section elementor-element elementor-element-8c1bcb8 elementor-section-boxed elementor-section-height-default elementor-section-height-default\" data-id=\"8c1bcb8\" data-element_type=\"section\">\n\t\t\t\t\t\t<div class=\"elementor-container elementor-column-gap-default\">\n\t\t\t\t\t<div class=\"elementor-column elementor-col-100 elementor-inner-column elementor-element elementor-element-28b75f3\" data-id=\"28b75f3\" data-element_type=\"column\">\n\t\t\t<div class=\"elementor-widget-wrap elementor-element-populated\">\n\t\t\t\t\t\t<div class=\"elementor-element elementor-element-063c8f4 elementor-widget-mobile__width-auto elementor-widget__width-initial elementor-invisible elementor-widget elementor-widget-heading\" data-id=\"063c8f4\" data-element_type=\"widget\" data-settings=\"{&quot;_animation&quot;:&quot;fadeInUp&quot;}\" data-widget_type=\"heading.default\">\n\t\t\t\t<div class=\"elementor-widget-container\">\n\t\t\t\t\t<h2 class=\"elementor-heading-title elementor-size-default\">Descri\u00e7\u00e3o<\/h2>\t\t\t\t<\/div>\n\t\t\t\t<\/div>\n\t\t\t\t<div class=\"elementor-element elementor-element-93ba6f7 elementor-widget-mobile__width-auto e-transform elementor-widget__width-initial elementor-view-default elementor-invisible elementor-widget elementor-widget-icon\" data-id=\"93ba6f7\" data-element_type=\"widget\" data-settings=\"{&quot;_transform_rotateZ_effect_mobile&quot;:{&quot;unit&quot;:&quot;deg&quot;,&quot;size&quot;:180,&quot;sizes&quot;:[]},&quot;_animation&quot;:&quot;fadeInUp&quot;,&quot;_transform_rotateZ_effect&quot;:{&quot;unit&quot;:&quot;px&quot;,&quot;size&quot;:&quot;&quot;,&quot;sizes&quot;:[]},&quot;_transform_rotateZ_effect_tablet&quot;:{&quot;unit&quot;:&quot;deg&quot;,&quot;size&quot;:&quot;&quot;,&quot;sizes&quot;:[]}}\" data-widget_type=\"icon.default\">\n\t\t\t\t<div class=\"elementor-widget-container\">\n\t\t\t\t\t\t\t<div class=\"elementor-icon-wrapper\">\n\t\t\t<div class=\"elementor-icon\">\n\t\t\t<svg xmlns=\"http:\/\/www.w3.org\/2000\/svg\" id=\"Layer_1\" data-name=\"Layer 1\" viewBox=\"0 0 34 34\"><path d=\"M34,1V27a1,1,0,1,1-2,0V3.41L1.71,33.71A1,1,0,0,1,1,34a1,1,0,0,1-.71-1.71L30.59,2H7a1,1,0,0,1-.71-.29A1,1,0,0,1,6,1,1,1,0,0,1,6.29.29,1,1,0,0,1,7,0H33a1,1,0,0,1,.71.29A1,1,0,0,1,34,1Z\" transform=\"translate(0)\"><\/path><\/svg>\t\t\t<\/div>\n\t\t<\/div>\n\t\t\t\t\t\t<\/div>\n\t\t\t\t<\/div>\n\t\t\t\t<div class=\"elementor-element elementor-element-2e79076 elementor-widget elementor-widget-spacer\" data-id=\"2e79076\" data-element_type=\"widget\" data-widget_type=\"spacer.default\">\n\t\t\t\t<div class=\"elementor-widget-container\">\n\t\t\t\t\t\t\t<div class=\"elementor-spacer\">\n\t\t\t<div class=\"elementor-spacer-inner\"><\/div>\n\t\t<\/div>\n\t\t\t\t\t\t<\/div>\n\t\t\t\t<\/div>\n\t\t\t\t<div class=\"elementor-element elementor-element-c3f04b7 elementor-invisible elementor-widget elementor-widget-text-editor\" data-id=\"c3f04b7\" data-element_type=\"widget\" data-settings=\"{&quot;_animation&quot;:&quot;fadeInUp&quot;}\" data-widget_type=\"text-editor.default\">\n\t\t\t\t<div class=\"elementor-widget-container\">\n\t\t\t\t\t\t\t\t\t<p><span style=\"background-color: var( --e-global-color-c780a48 ); color: var( --e-global-color-text ); letter-spacing: 0.22px;\">As nossas lixas orbitais de 125mm s\u00e3o aliadas poderosas em qualquer projeto. Adaptam-se facilmente a todo o tipo de materiais, desde madeira a resina ep\u00f3xi. S\u00e3o ideais para nivelar ou finalizar pe\u00e7as de forma r\u00e1pida e eficaz, garantindo resultados suaves e profissionais.<\/span><\/p><p><span style=\"background-color: var( --e-global-color-c780a48 ); color: var( --e-global-color-text ); letter-spacing: 0.22px;\">A sua durabilidade e resist\u00eancia permitem que sejam utilizadas como lixa seca ou h\u00famida. Recomendamos especialmente a utiliza\u00e7\u00e3o de lixa h\u00famida para gr\u00e3os mais finos, como 800, 1000 ou 1200, para obter acabamentos ainda mais suaves e precisos.<\/span><\/p><p>Com um di\u00e2metro de 125mm, as lixas da Epoxy Emporium s\u00e3o compat\u00edveis com lixadoras orbitais padr\u00e3o.<\/p>\t\t\t\t\t\t\t\t<\/div>\n\t\t\t\t<\/div>\n\t\t\t\t\t<\/div>\n\t\t<\/div>\n\t\t\t\t\t<\/div>\n\t\t<\/section>\n\t\t\t\t\t<\/div>\n\t\t<\/div>\n\t\t\t\t\t<\/div>\n\t\t<\/section>\n\t\t\t\t<\/div>\n\t\t","protected":false},"excerpt":{"rendered":"<p>Descri\u00e7\u00e3o &nbsp; As nossas lixas orbitais de 125mm s\u00e3o aliadas poderosas em qualquer projeto. Adaptam-se facilmente a todo o tipo de materiais, desde madeira a resina ep\u00f3xi. S\u00e3o ideais para nivelar ou finalizar pe\u00e7as de forma r\u00e1pida e eficaz, garantindo resultados suaves e profissionais. A sua durabilidade e resist\u00eancia permitem que sejam utilizadas como lixa [&hellip;]<\/p>\n","protected":false},"featured_media":6234,"comment_status":"open","ping_status":"closed","template":"","meta":{"_acf_changed":false},"product_brand":[],"product_cat":[32],"product_tag":[],"class_list":{"0":"post-2891","1":"product","2":"type-product","3":"status-publish","4":"has-post-thumbnail","6":"product_cat-lixas-orbitais-125mm","8":"first","9":"instock","10":"taxable","11":"shipping-taxable","12":"purchasable","13":"product-type-variable"},"acf":[],"yoast_head":"<!-- This site is optimized with the Yoast SEO plugin v26.0 - https:\/\/yoast.com\/wordpress\/plugins\/seo\/ -->\n<title>Lixas orbitais Resistentes e de Longa Dura\u00e7\u00e3o | Epoxy Emporium<\/title>\n<meta name=\"description\" content=\"J\u00e1 conheces as Lixas Orbitais? S\u00e3o ideais para madeira e resina ep\u00f3xi, resistentes a vincos, dur\u00e1veis e eficientes na remo\u00e7\u00e3o r\u00e1pida de material.\" \/>\n<meta name=\"robots\" content=\"index, follow, max-snippet:-1, max-image-preview:large, max-video-preview:-1\" \/>\n<link rel=\"canonical\" href=\"https:\/\/epoxy-emporium.pt\/pt\/produto\/lixas-orbitais-125mm\/\" \/>\n<meta property=\"og:locale\" content=\"pt_PT\" \/>\n<meta property=\"og:type\" content=\"article\" \/>\n<meta property=\"og:title\" content=\"Lixas orbitais Resistentes e de Longa Dura\u00e7\u00e3o | Epoxy Emporium\" \/>\n<meta property=\"og:description\" content=\"J\u00e1 conheces as Lixas Orbitais? S\u00e3o ideais para madeira e resina ep\u00f3xi, resistentes a vincos, dur\u00e1veis e eficientes na remo\u00e7\u00e3o r\u00e1pida de material.\" \/>\n<meta property=\"og:url\" content=\"https:\/\/epoxy-emporium.pt\/pt\/produto\/lixas-orbitais-125mm\/\" \/>\n<meta property=\"og:site_name\" content=\"epoxy-emporium.pt\" \/>\n<meta property=\"article:publisher\" content=\"https:\/\/www.facebook.com\/EpoxyEmporium.Resina\/\" \/>\n<meta property=\"article:modified_time\" content=\"2025-12-02T02:41:54+00:00\" \/>\n<meta property=\"og:image\" content=\"https:\/\/epoxy-emporium.pt\/wp-content\/uploads\/2023\/08\/Lixa-orbital.jpg\" \/>\n\t<meta property=\"og:image:width\" content=\"1200\" \/>\n\t<meta property=\"og:image:height\" content=\"1200\" \/>\n\t<meta property=\"og:image:type\" content=\"image\/jpeg\" \/>\n<meta name=\"twitter:card\" content=\"summary_large_image\" \/>\n<meta name=\"twitter:label1\" content=\"Tempo estimado de leitura\" \/>\n\t<meta name=\"twitter:data1\" content=\"1 minuto\" \/>\n<script type=\"application\/ld+json\" class=\"yoast-schema-graph\">{\"@context\":\"https:\/\/schema.org\",\"@graph\":[{\"@type\":\"WebPage\",\"@id\":\"https:\/\/epoxy-emporium.pt\/produto\/lixas-orbitais-125mm\/\",\"url\":\"https:\/\/epoxy-emporium.pt\/produto\/lixas-orbitais-125mm\/\",\"name\":\"Lixas orbitais Resistentes e de Longa Dura\u00e7\u00e3o | Epoxy Emporium\",\"isPartOf\":{\"@id\":\"https:\/\/epoxy-emporium.pt\/pt\/#website\"},\"primaryImageOfPage\":{\"@id\":\"https:\/\/epoxy-emporium.pt\/produto\/lixas-orbitais-125mm\/#primaryimage\"},\"image\":{\"@id\":\"https:\/\/epoxy-emporium.pt\/produto\/lixas-orbitais-125mm\/#primaryimage\"},\"thumbnailUrl\":\"https:\/\/epoxy-emporium.pt\/wp-content\/uploads\/2023\/08\/Lixa-orbital.jpg\",\"datePublished\":\"2023-08-31T11:32:22+00:00\",\"dateModified\":\"2025-12-02T02:41:54+00:00\",\"description\":\"J\u00e1 conheces as Lixas Orbitais? S\u00e3o ideais para madeira e resina ep\u00f3xi, resistentes a vincos, dur\u00e1veis e eficientes na remo\u00e7\u00e3o r\u00e1pida de material.\",\"breadcrumb\":{\"@id\":\"https:\/\/epoxy-emporium.pt\/produto\/lixas-orbitais-125mm\/#breadcrumb\"},\"inLanguage\":\"pt-PT\",\"potentialAction\":[{\"@type\":\"ReadAction\",\"target\":[\"https:\/\/epoxy-emporium.pt\/produto\/lixas-orbitais-125mm\/\"]}]},{\"@type\":\"ImageObject\",\"inLanguage\":\"pt-PT\",\"@id\":\"https:\/\/epoxy-emporium.pt\/produto\/lixas-orbitais-125mm\/#primaryimage\",\"url\":\"https:\/\/epoxy-emporium.pt\/wp-content\/uploads\/2023\/08\/Lixa-orbital.jpg\",\"contentUrl\":\"https:\/\/epoxy-emporium.pt\/wp-content\/uploads\/2023\/08\/Lixa-orbital.jpg\",\"width\":1200,\"height\":1200,\"caption\":\"Uma lixa orbitral pararesina para resina ep\u00f3xi exposta num fundo branco\"},{\"@type\":\"BreadcrumbList\",\"@id\":\"https:\/\/epoxy-emporium.pt\/produto\/lixas-orbitais-125mm\/#breadcrumb\",\"itemListElement\":[{\"@type\":\"ListItem\",\"position\":1,\"name\":\"Home\",\"item\":\"https:\/\/epoxy-emporium.pt\/pt\/\"},{\"@type\":\"ListItem\",\"position\":2,\"name\":\"Shop\",\"item\":\"https:\/\/epoxy-emporium.pt\/pt\/shop\/\"},{\"@type\":\"ListItem\",\"position\":3,\"name\":\"Lixas Orbitais de 125mm\"}]},{\"@type\":\"WebSite\",\"@id\":\"https:\/\/epoxy-emporium.pt\/pt\/#website\",\"url\":\"https:\/\/epoxy-emporium.pt\/pt\/\",\"name\":\"Epoxy Emporium\",\"description\":\"\",\"publisher\":{\"@id\":\"https:\/\/epoxy-emporium.pt\/pt\/#organization\"},\"potentialAction\":[{\"@type\":\"SearchAction\",\"target\":{\"@type\":\"EntryPoint\",\"urlTemplate\":\"https:\/\/epoxy-emporium.pt\/pt\/?s={search_term_string}\"},\"query-input\":{\"@type\":\"PropertyValueSpecification\",\"valueRequired\":true,\"valueName\":\"search_term_string\"}}],\"inLanguage\":\"pt-PT\"},{\"@type\":\"Organization\",\"@id\":\"https:\/\/epoxy-emporium.pt\/pt\/#organization\",\"name\":\"Epoxy Emporium\",\"url\":\"https:\/\/epoxy-emporium.pt\/pt\/\",\"logo\":{\"@type\":\"ImageObject\",\"inLanguage\":\"pt-PT\",\"@id\":\"https:\/\/epoxy-emporium.pt\/pt\/#\/schema\/logo\/image\/\",\"url\":\"https:\/\/epoxy-emporium.pt\/wp-content\/uploads\/2023\/04\/Logo-x2.png\",\"contentUrl\":\"https:\/\/epoxy-emporium.pt\/wp-content\/uploads\/2023\/04\/Logo-x2.png\",\"width\":600,\"height\":160,\"caption\":\"Epoxy Emporium\"},\"image\":{\"@id\":\"https:\/\/epoxy-emporium.pt\/pt\/#\/schema\/logo\/image\/\"},\"sameAs\":[\"https:\/\/www.facebook.com\/EpoxyEmporium.Resina\/\",\"https:\/\/www.instagram.com\/epoxyemporium.resin\/\"]}]}<\/script>\n<!-- \/ Yoast SEO plugin. -->","yoast_head_json":{"title":"Lixas orbitais Resistentes e de Longa Dura\u00e7\u00e3o | Epoxy Emporium","description":"J\u00e1 conheces as Lixas Orbitais? S\u00e3o ideais para madeira e resina ep\u00f3xi, resistentes a vincos, dur\u00e1veis e eficientes na remo\u00e7\u00e3o r\u00e1pida de material.","robots":{"index":"index","follow":"follow","max-snippet":"max-snippet:-1","max-image-preview":"max-image-preview:large","max-video-preview":"max-video-preview:-1"},"canonical":"https:\/\/epoxy-emporium.pt\/pt\/produto\/lixas-orbitais-125mm\/","og_locale":"pt_PT","og_type":"article","og_title":"Lixas orbitais Resistentes e de Longa Dura\u00e7\u00e3o | Epoxy Emporium","og_description":"J\u00e1 conheces as Lixas Orbitais? S\u00e3o ideais para madeira e resina ep\u00f3xi, resistentes a vincos, dur\u00e1veis e eficientes na remo\u00e7\u00e3o r\u00e1pida de material.","og_url":"https:\/\/epoxy-emporium.pt\/pt\/produto\/lixas-orbitais-125mm\/","og_site_name":"epoxy-emporium.pt","article_publisher":"https:\/\/www.facebook.com\/EpoxyEmporium.Resina\/","article_modified_time":"2025-12-02T02:41:54+00:00","og_image":[{"width":1200,"height":1200,"url":"https:\/\/epoxy-emporium.pt\/wp-content\/uploads\/2023\/08\/Lixa-orbital.jpg","type":"image\/jpeg"}],"twitter_card":"summary_large_image","twitter_misc":{"Tempo estimado de leitura":"1 minuto"},"schema":{"@context":"https:\/\/schema.org","@graph":[{"@type":"WebPage","@id":"https:\/\/epoxy-emporium.pt\/produto\/lixas-orbitais-125mm\/","url":"https:\/\/epoxy-emporium.pt\/produto\/lixas-orbitais-125mm\/","name":"Lixas orbitais Resistentes e de Longa Dura\u00e7\u00e3o | Epoxy Emporium","isPartOf":{"@id":"https:\/\/epoxy-emporium.pt\/pt\/#website"},"primaryImageOfPage":{"@id":"https:\/\/epoxy-emporium.pt\/produto\/lixas-orbitais-125mm\/#primaryimage"},"image":{"@id":"https:\/\/epoxy-emporium.pt\/produto\/lixas-orbitais-125mm\/#primaryimage"},"thumbnailUrl":"https:\/\/epoxy-emporium.pt\/wp-content\/uploads\/2023\/08\/Lixa-orbital.jpg","datePublished":"2023-08-31T11:32:22+00:00","dateModified":"2025-12-02T02:41:54+00:00","description":"J\u00e1 conheces as Lixas Orbitais? S\u00e3o ideais para madeira e resina ep\u00f3xi, resistentes a vincos, dur\u00e1veis e eficientes na remo\u00e7\u00e3o r\u00e1pida de material.","breadcrumb":{"@id":"https:\/\/epoxy-emporium.pt\/produto\/lixas-orbitais-125mm\/#breadcrumb"},"inLanguage":"pt-PT","potentialAction":[{"@type":"ReadAction","target":["https:\/\/epoxy-emporium.pt\/produto\/lixas-orbitais-125mm\/"]}]},{"@type":"ImageObject","inLanguage":"pt-PT","@id":"https:\/\/epoxy-emporium.pt\/produto\/lixas-orbitais-125mm\/#primaryimage","url":"https:\/\/epoxy-emporium.pt\/wp-content\/uploads\/2023\/08\/Lixa-orbital.jpg","contentUrl":"https:\/\/epoxy-emporium.pt\/wp-content\/uploads\/2023\/08\/Lixa-orbital.jpg","width":1200,"height":1200,"caption":"Uma lixa orbitral pararesina para resina ep\u00f3xi exposta num fundo branco"},{"@type":"BreadcrumbList","@id":"https:\/\/epoxy-emporium.pt\/produto\/lixas-orbitais-125mm\/#breadcrumb","itemListElement":[{"@type":"ListItem","position":1,"name":"Home","item":"https:\/\/epoxy-emporium.pt\/pt\/"},{"@type":"ListItem","position":2,"name":"Shop","item":"https:\/\/epoxy-emporium.pt\/pt\/shop\/"},{"@type":"ListItem","position":3,"name":"Lixas Orbitais de 125mm"}]},{"@type":"WebSite","@id":"https:\/\/epoxy-emporium.pt\/pt\/#website","url":"https:\/\/epoxy-emporium.pt\/pt\/","name":"Epoxy Emporium","description":"","publisher":{"@id":"https:\/\/epoxy-emporium.pt\/pt\/#organization"},"potentialAction":[{"@type":"SearchAction","target":{"@type":"EntryPoint","urlTemplate":"https:\/\/epoxy-emporium.pt\/pt\/?s={search_term_string}"},"query-input":{"@type":"PropertyValueSpecification","valueRequired":true,"valueName":"search_term_string"}}],"inLanguage":"pt-PT"},{"@type":"Organization","@id":"https:\/\/epoxy-emporium.pt\/pt\/#organization","name":"Epoxy Emporium","url":"https:\/\/epoxy-emporium.pt\/pt\/","logo":{"@type":"ImageObject","inLanguage":"pt-PT","@id":"https:\/\/epoxy-emporium.pt\/pt\/#\/schema\/logo\/image\/","url":"https:\/\/epoxy-emporium.pt\/wp-content\/uploads\/2023\/04\/Logo-x2.png","contentUrl":"https:\/\/epoxy-emporium.pt\/wp-content\/uploads\/2023\/04\/Logo-x2.png","width":600,"height":160,"caption":"Epoxy Emporium"},"image":{"@id":"https:\/\/epoxy-emporium.pt\/pt\/#\/schema\/logo\/image\/"},"sameAs":["https:\/\/www.facebook.com\/EpoxyEmporium.Resina\/","https:\/\/www.instagram.com\/epoxyemporium.resin\/"]}]}},"_links":{"self":[{"href":"https:\/\/epoxy-emporium.pt\/pt\/wp-json\/wp\/v2\/product\/2891","targetHints":{"allow":["GET"]}}],"collection":[{"href":"https:\/\/epoxy-emporium.pt\/pt\/wp-json\/wp\/v2\/product"}],"about":[{"href":"https:\/\/epoxy-emporium.pt\/pt\/wp-json\/wp\/v2\/types\/product"}],"replies":[{"embeddable":true,"href":"https:\/\/epoxy-emporium.pt\/pt\/wp-json\/wp\/v2\/comments?post=2891"}],"version-history":[{"count":14,"href":"https:\/\/epoxy-emporium.pt\/pt\/wp-json\/wp\/v2\/product\/2891\/revisions"}],"predecessor-version":[{"id":8551,"href":"https:\/\/epoxy-emporium.pt\/pt\/wp-json\/wp\/v2\/product\/2891\/revisions\/8551"}],"wp:featuredmedia":[{"embeddable":true,"href":"https:\/\/epoxy-emporium.pt\/pt\/wp-json\/wp\/v2\/media\/6234"}],"wp:attachment":[{"href":"https:\/\/epoxy-emporium.pt\/pt\/wp-json\/wp\/v2\/media?parent=2891"}],"wp:term":[{"taxonomy":"product_brand","embeddable":true,"href":"https:\/\/epoxy-emporium.pt\/pt\/wp-json\/wp\/v2\/product_brand?post=2891"},{"taxonomy":"product_cat","embeddable":true,"href":"https:\/\/epoxy-emporium.pt\/pt\/wp-json\/wp\/v2\/product_cat?post=2891"},{"taxonomy":"product_tag","embeddable":true,"href":"https:\/\/epoxy-emporium.pt\/pt\/wp-json\/wp\/v2\/product_tag?post=2891"}],"curies":[{"name":"wp","href":"https:\/\/api.w.org\/{rel}","templated":true}]}}