{"id":14,"date":"2023-04-03T11:52:10","date_gmt":"2023-04-03T11:52:10","guid":{"rendered":"https:\/\/dev.epoxy-emporium.pt\/processes\/websites\/sistemas-de-resina\/?page_id=14"},"modified":"2025-09-22T16:56:41","modified_gmt":"2025-09-22T16:56:41","slug":"contactos","status":"publish","type":"page","link":"https:\/\/epoxy-emporium.pt\/pt\/contactos\/","title":{"rendered":"Contactos"},"content":{"rendered":"\t\t<div data-elementor-type=\"wp-page\" data-elementor-id=\"14\" class=\"elementor elementor-14\" data-elementor-post-type=\"page\">\n\t\t\t\t\t\t<section class=\"elementor-section elementor-top-section elementor-element elementor-element-61b8b20 elementor-section-boxed elementor-section-height-default elementor-section-height-default\" data-id=\"61b8b20\" data-element_type=\"section\">\n\t\t\t\t\t\t<div class=\"elementor-container elementor-column-gap-default\">\n\t\t\t\t\t<div class=\"elementor-column elementor-col-100 elementor-top-column elementor-element elementor-element-4a2a80b\" data-id=\"4a2a80b\" data-element_type=\"column\">\n\t\t\t<div class=\"elementor-widget-wrap elementor-element-populated\">\n\t\t\t\t\t\t<div class=\"elementor-element elementor-element-9e24c97 elementor-widget elementor-widget-heading\" data-id=\"9e24c97\" data-element_type=\"widget\" data-widget_type=\"heading.default\">\n\t\t\t\t<div class=\"elementor-widget-container\">\n\t\t\t\t\t<h1 class=\"elementor-heading-title elementor-size-default\">Contactos<\/h1>\t\t\t\t<\/div>\n\t\t\t\t<\/div>\n\t\t\t\t<section class=\"elementor-section elementor-inner-section elementor-element elementor-element-deb01b0 elementor-reverse-mobile elementor-section-boxed elementor-section-height-default elementor-section-height-default\" data-id=\"deb01b0\" data-element_type=\"section\">\n\t\t\t\t\t\t<div class=\"elementor-container elementor-column-gap-default\">\n\t\t\t\t\t<div class=\"elementor-column elementor-col-50 elementor-inner-column elementor-element elementor-element-3babc74\" data-id=\"3babc74\" data-element_type=\"column\">\n\t\t\t<div class=\"elementor-widget-wrap elementor-element-populated\">\n\t\t\t\t\t\t<section class=\"elementor-section elementor-inner-section elementor-element elementor-element-315011e elementor-section-boxed elementor-section-height-default elementor-section-height-default\" data-id=\"315011e\" data-element_type=\"section\">\n\t\t\t\t\t\t<div class=\"elementor-container elementor-column-gap-default\">\n\t\t\t\t\t<div class=\"elementor-column elementor-col-100 elementor-inner-column elementor-element elementor-element-5f7e84a\" data-id=\"5f7e84a\" data-element_type=\"column\">\n\t\t\t<div class=\"elementor-widget-wrap elementor-element-populated\">\n\t\t\t\t\t\t<div class=\"elementor-element elementor-element-5f6f5da elementor-widget elementor-widget-heading\" data-id=\"5f6f5da\" data-element_type=\"widget\" data-widget_type=\"heading.default\">\n\t\t\t\t<div class=\"elementor-widget-container\">\n\t\t\t\t\t<h3 class=\"elementor-heading-title elementor-size-default\">E-mail <\/h3>\t\t\t\t<\/div>\n\t\t\t\t<\/div>\n\t\t\t\t<div class=\"elementor-element elementor-element-a271742 e_mail elementor-icon-list--layout-traditional elementor-list-item-link-full_width elementor-widget elementor-widget-icon-list\" data-id=\"a271742\" data-element_type=\"widget\" data-widget_type=\"icon-list.default\">\n\t\t\t\t<div class=\"elementor-widget-container\">\n\t\t\t\t\t\t\t<ul class=\"elementor-icon-list-items\">\n\t\t\t\t\t\t\t<li class=\"elementor-icon-list-item\">\n\t\t\t\t\t\t\t\t\t\t\t<a href=\"mailto:geral@epoxy-emporium.pt\">\n\n\t\t\t\t\t\t\t\t\t\t\t<span class=\"elementor-icon-list-text\">geral@epoxy-emporium.pt<\/span>\n\t\t\t\t\t\t\t\t\t\t\t<\/a>\n\t\t\t\t\t\t\t\t\t<\/li>\n\t\t\t\t\t\t<\/ul>\n\t\t\t\t\t\t<\/div>\n\t\t\t\t<\/div>\n\t\t\t\t<div class=\"elementor-element elementor-element-f1837c5 elementor-widget elementor-widget-heading\" data-id=\"f1837c5\" data-element_type=\"widget\" data-widget_type=\"heading.default\">\n\t\t\t\t<div class=\"elementor-widget-container\">\n\t\t\t\t\t<h3 class=\"elementor-heading-title elementor-size-default\">Escrit\u00f3rio\n<\/h3>\t\t\t\t<\/div>\n\t\t\t\t<\/div>\n\t\t\t\t<div class=\"elementor-element elementor-element-cc512bf elementor-widget elementor-widget-text-editor\" data-id=\"cc512bf\" data-element_type=\"widget\" data-widget_type=\"text-editor.default\">\n\t\t\t\t<div class=\"elementor-widget-container\">\n\t\t\t\t\t\t\t\t\tRua Curas n\u00ba3A, <br>\nPinheiro de Loures\u00a0<br>\n3 &#8211; NORMAS DO SI\t\t\t\t\t\t\t\t<\/div>\n\t\t\t\t<\/div>\n\t\t\t\t\t<\/div>\n\t\t<\/div>\n\t\t\t\t\t<\/div>\n\t\t<\/section>\n\t\t\t\t<div class=\"elementor-element elementor-element-66326fb elementor-widget-mobile__width-initial elementor-widget elementor-widget-image\" data-id=\"66326fb\" data-element_type=\"widget\" data-widget_type=\"image.default\">\n\t\t\t\t<div class=\"elementor-widget-container\">\n\t\t\t\t\t\t\t\t\t\t\t\t\t\t\t<img decoding=\"async\" width=\"101\" height=\"120\" src=\"https:\/\/epoxy-emporium.pt\/wp-content\/uploads\/2023\/07\/Arrows-1.png\" class=\"attachment-large size-large wp-image-578\" alt=\"duas setas para a direita\" \/>\t\t\t\t\t\t\t\t\t\t\t\t\t\t\t<\/div>\n\t\t\t\t<\/div>\n\t\t\t\t\t<\/div>\n\t\t<\/div>\n\t\t\t\t<div class=\"elementor-column elementor-col-50 elementor-inner-column elementor-element elementor-element-a3655c2\" data-id=\"a3655c2\" data-element_type=\"column\">\n\t\t\t<div class=\"elementor-widget-wrap elementor-element-populated\">\n\t\t\t\t\t\t<div class=\"elementor-element elementor-element-8408f69 elementor-widget elementor-widget-heading\" data-id=\"8408f69\" data-element_type=\"widget\" data-widget_type=\"heading.default\">\n\t\t\t\t<div class=\"elementor-widget-container\">\n\t\t\t\t\t<h3 class=\"elementor-heading-title elementor-size-default\">Entre em Contacto<\/h3>\t\t\t\t<\/div>\n\t\t\t\t<\/div>\n\t\t\t\t<div class=\"elementor-element elementor-element-758065e elementor-button-align-stretch elementor-widget elementor-widget-form\" data-id=\"758065e\" data-element_type=\"widget\" data-settings=\"{&quot;step_next_label&quot;:&quot;Next&quot;,&quot;step_previous_label&quot;:&quot;Previous&quot;,&quot;button_width&quot;:&quot;100&quot;,&quot;step_type&quot;:&quot;number_text&quot;,&quot;step_icon_shape&quot;:&quot;circle&quot;}\" data-widget_type=\"form.default\">\n\t\t\t\t<div class=\"elementor-widget-container\">\n\t\t\t\t\t\t\t<form class=\"elementor-form\" method=\"post\" name=\"New Form\" aria-label=\"New Form\">\n\t\t\t<input type=\"hidden\" name=\"post_id\" value=\"14\"\/>\n\t\t\t<input type=\"hidden\" name=\"form_id\" value=\"758065e\"\/>\n\t\t\t<input type=\"hidden\" name=\"referer_title\" value=\"Contactos: Fala connosco sobre Resina Ep\u00f3xi | Epoxy Emporium\" \/>\n\n\t\t\t\t\t\t\t<input type=\"hidden\" name=\"queried_id\" value=\"14\"\/>\n\t\t\t\n\t\t\t<div class=\"elementor-form-fields-wrapper elementor-labels-\">\n\t\t\t\t\t\t\t\t<div class=\"elementor-field-type-text elementor-field-group elementor-column elementor-field-group-name elementor-col-100 elementor-field-required\">\n\t\t\t\t\t\t\t\t\t\t\t\t<label for=\"form-field-name\" class=\"elementor-field-label elementor-screen-only\">\n\t\t\t\t\t\t\t\tNome\t\t\t\t\t\t\t<\/label>\n\t\t\t\t\t\t\t\t\t\t\t\t\t\t<input size=\"1\" type=\"text\" name=\"form_fields[name]\" id=\"form-field-name\" class=\"elementor-field elementor-size-sm  elementor-field-textual\" placeholder=\"Nome\" required=\"required\">\n\t\t\t\t\t\t\t\t\t\t\t<\/div>\n\t\t\t\t\t\t\t\t<div class=\"elementor-field-type-tel elementor-field-group elementor-column elementor-field-group-email elementor-col-100 elementor-field-required\">\n\t\t\t\t\t\t\t\t\t\t\t\t<label for=\"form-field-email\" class=\"elementor-field-label elementor-screen-only\">\n\t\t\t\t\t\t\t\tContacto telef\u00f3nico\t\t\t\t\t\t\t<\/label>\n\t\t\t\t\t\t\t\t<input size=\"1\" type=\"tel\" name=\"form_fields[email]\" id=\"form-field-email\" class=\"elementor-field elementor-size-sm  elementor-field-textual\" placeholder=\"Contacto telef\u00f3nico\" required=\"required\" pattern=\"[0-9()#&amp;+*-=.]+\" title=\"Only numbers and phone characters (#, -, *, etc) are accepted.\">\n\n\t\t\t\t\t\t<\/div>\n\t\t\t\t\t\t\t\t<div class=\"elementor-field-type-email elementor-field-group elementor-column elementor-field-group-field_5960151 elementor-col-100 elementor-field-required\">\n\t\t\t\t\t\t\t\t\t\t\t\t<label for=\"form-field-field_5960151\" class=\"elementor-field-label elementor-screen-only\">\n\t\t\t\t\t\t\t\tEmail\t\t\t\t\t\t\t<\/label>\n\t\t\t\t\t\t\t\t\t\t\t\t\t\t<input size=\"1\" type=\"email\" name=\"form_fields[field_5960151]\" id=\"form-field-field_5960151\" class=\"elementor-field elementor-size-sm  elementor-field-textual\" placeholder=\"Email\" required=\"required\">\n\t\t\t\t\t\t\t\t\t\t\t<\/div>\n\t\t\t\t\t\t\t\t<div class=\"elementor-field-type-textarea elementor-field-group elementor-column elementor-field-group-message elementor-col-100\">\n\t\t\t\t\t\t\t\t\t\t\t\t<label for=\"form-field-message\" class=\"elementor-field-label elementor-screen-only\">\n\t\t\t\t\t\t\t\t\u00a0A mensagem\t\t\t\t\t\t\t<\/label>\n\t\t\t\t\t\t<textarea class=\"elementor-field-textual elementor-field  elementor-size-sm\" name=\"form_fields[message]\" id=\"form-field-message\" rows=\"10\" placeholder=\"\u00a0A mensagem\"><\/textarea>\t\t\t\t<\/div>\n\t\t\t\t\t\t\t\t<div class=\"elementor-field-group elementor-column elementor-field-type-submit elementor-col-100 e-form__buttons\">\n\t\t\t\t\t<button class=\"elementor-button elementor-size-sm\" type=\"submit\">\n\t\t\t\t\t\t<span class=\"elementor-button-content-wrapper\">\n\t\t\t\t\t\t\t\t\t\t\t\t\t\t\t\t\t\t\t\t\t\t<span class=\"elementor-button-text\">Enviar<\/span>\n\t\t\t\t\t\t\t\t\t\t\t\t\t<\/span>\n\t\t\t\t\t<\/button>\n\t\t\t\t<\/div>\n\t\t\t<\/div>\n\t\t<\/form>\n\t\t\t\t\t\t<\/div>\n\t\t\t\t<\/div>\n\t\t\t\t\t<\/div>\n\t\t<\/div>\n\t\t\t\t\t<\/div>\n\t\t<\/section>\n\t\t\t\t\t<\/div>\n\t\t<\/div>\n\t\t\t\t\t<\/div>\n\t\t<\/section>\n\t\t\t\t<\/div>\n\t\t","protected":false},"excerpt":{"rendered":"<p>Contactos E-mail geral@epoxy-emporium.pt Escrit\u00f3rio Rua Curas n\u00ba3A, Pinheiro de Loures\u00a0 3 &#8211; NORMAS DO SI Entre em Contacto<\/p>\n","protected":false},"author":12,"featured_media":0,"parent":0,"menu_order":0,"comment_status":"closed","ping_status":"closed","template":"elementor_header_footer","meta":{"_acf_changed":false,"footnotes":""},"class_list":["post-14","page","type-page","status-publish","hentry"],"acf":[],"yoast_head":"<!-- This site is optimized with the Yoast SEO plugin v26.0 - https:\/\/yoast.com\/wordpress\/plugins\/seo\/ -->\n<title>Contactos: Fala connosco sobre Resina Ep\u00f3xi | Epoxy Emporium<\/title>\n<meta name=\"description\" content=\"Entra em contacto connosco na Epoxy Emporium. Estamos dispon\u00edveis para responder \u00e0s tuas perguntas e ajudar-te nas tuas escolhas.\" \/>\n<meta name=\"robots\" content=\"index, follow, max-snippet:-1, max-image-preview:large, max-video-preview:-1\" \/>\n<link rel=\"canonical\" href=\"https:\/\/epoxy-emporium.pt\/pt\/contactos\/\" \/>\n<meta property=\"og:locale\" content=\"pt_PT\" \/>\n<meta property=\"og:type\" content=\"article\" \/>\n<meta property=\"og:title\" content=\"Contactos: Fala connosco sobre Resina Ep\u00f3xi | Epoxy Emporium\" \/>\n<meta property=\"og:description\" content=\"Entra em contacto connosco na Epoxy Emporium. Estamos dispon\u00edveis para responder \u00e0s tuas perguntas e ajudar-te nas tuas escolhas.\" \/>\n<meta property=\"og:url\" content=\"https:\/\/epoxy-emporium.pt\/pt\/contactos\/\" \/>\n<meta property=\"og:site_name\" content=\"epoxy-emporium.pt\" \/>\n<meta property=\"article:publisher\" content=\"https:\/\/www.facebook.com\/EpoxyEmporium.Resina\/\" \/>\n<meta property=\"article:modified_time\" content=\"2025-09-22T16:56:41+00:00\" \/>\n<meta property=\"og:image\" content=\"https:\/\/epoxy-emporium.pt\/wp-content\/uploads\/2023\/07\/Arrows-1.png\" \/>\n\t<meta property=\"og:image:width\" content=\"101\" \/>\n\t<meta property=\"og:image:height\" content=\"120\" \/>\n\t<meta property=\"og:image:type\" content=\"image\/png\" \/>\n<meta name=\"twitter:card\" content=\"summary_large_image\" \/>\n<meta name=\"twitter:label1\" content=\"Tempo estimado de leitura\" \/>\n\t<meta name=\"twitter:data1\" content=\"1 minuto\" \/>\n<script type=\"application\/ld+json\" class=\"yoast-schema-graph\">{\"@context\":\"https:\/\/schema.org\",\"@graph\":[{\"@type\":\"WebPage\",\"@id\":\"https:\/\/epoxy-emporium.pt\/pt\/contactos\/\",\"url\":\"https:\/\/epoxy-emporium.pt\/pt\/contactos\/\",\"name\":\"Contactos: Fala connosco sobre Resina Ep\u00f3xi | Epoxy Emporium\",\"isPartOf\":{\"@id\":\"https:\/\/epoxy-emporium.pt\/pt\/#website\"},\"primaryImageOfPage\":{\"@id\":\"https:\/\/epoxy-emporium.pt\/pt\/contactos\/#primaryimage\"},\"image\":{\"@id\":\"https:\/\/epoxy-emporium.pt\/pt\/contactos\/#primaryimage\"},\"thumbnailUrl\":\"https:\/\/epoxy-emporium.pt\/wp-content\/uploads\/2023\/07\/Arrows-1.png\",\"datePublished\":\"2023-04-03T11:52:10+00:00\",\"dateModified\":\"2025-09-22T16:56:41+00:00\",\"description\":\"Entra em contacto connosco na Epoxy Emporium. Estamos dispon\u00edveis para responder \u00e0s tuas perguntas e ajudar-te nas tuas escolhas.\",\"breadcrumb\":{\"@id\":\"https:\/\/epoxy-emporium.pt\/pt\/contactos\/#breadcrumb\"},\"inLanguage\":\"pt-PT\",\"potentialAction\":[{\"@type\":\"ReadAction\",\"target\":[\"https:\/\/epoxy-emporium.pt\/pt\/contactos\/\"]}]},{\"@type\":\"ImageObject\",\"inLanguage\":\"pt-PT\",\"@id\":\"https:\/\/epoxy-emporium.pt\/pt\/contactos\/#primaryimage\",\"url\":\"https:\/\/epoxy-emporium.pt\/wp-content\/uploads\/2023\/07\/Arrows-1.png\",\"contentUrl\":\"https:\/\/epoxy-emporium.pt\/wp-content\/uploads\/2023\/07\/Arrows-1.png\"},{\"@type\":\"BreadcrumbList\",\"@id\":\"https:\/\/epoxy-emporium.pt\/pt\/contactos\/#breadcrumb\",\"itemListElement\":[{\"@type\":\"ListItem\",\"position\":1,\"name\":\"Home\",\"item\":\"https:\/\/epoxy-emporium.pt\/pt\/\"},{\"@type\":\"ListItem\",\"position\":2,\"name\":\"Contactos\"}]},{\"@type\":\"WebSite\",\"@id\":\"https:\/\/epoxy-emporium.pt\/pt\/#website\",\"url\":\"https:\/\/epoxy-emporium.pt\/pt\/\",\"name\":\"Epoxy Emporium\",\"description\":\"\",\"publisher\":{\"@id\":\"https:\/\/epoxy-emporium.pt\/pt\/#organization\"},\"potentialAction\":[{\"@type\":\"SearchAction\",\"target\":{\"@type\":\"EntryPoint\",\"urlTemplate\":\"https:\/\/epoxy-emporium.pt\/pt\/?s={search_term_string}\"},\"query-input\":{\"@type\":\"PropertyValueSpecification\",\"valueRequired\":true,\"valueName\":\"search_term_string\"}}],\"inLanguage\":\"pt-PT\"},{\"@type\":\"Organization\",\"@id\":\"https:\/\/epoxy-emporium.pt\/pt\/#organization\",\"name\":\"Epoxy Emporium\",\"url\":\"https:\/\/epoxy-emporium.pt\/pt\/\",\"logo\":{\"@type\":\"ImageObject\",\"inLanguage\":\"pt-PT\",\"@id\":\"https:\/\/epoxy-emporium.pt\/pt\/#\/schema\/logo\/image\/\",\"url\":\"https:\/\/epoxy-emporium.pt\/wp-content\/uploads\/2023\/04\/Logo-x2.png\",\"contentUrl\":\"https:\/\/epoxy-emporium.pt\/wp-content\/uploads\/2023\/04\/Logo-x2.png\",\"width\":600,\"height\":160,\"caption\":\"Epoxy Emporium\"},\"image\":{\"@id\":\"https:\/\/epoxy-emporium.pt\/pt\/#\/schema\/logo\/image\/\"},\"sameAs\":[\"https:\/\/www.facebook.com\/EpoxyEmporium.Resina\/\",\"https:\/\/www.instagram.com\/epoxyemporium.resin\/\"]}]}<\/script>\n<!-- \/ Yoast SEO plugin. -->","yoast_head_json":{"title":"Contactos: Fala connosco sobre Resina Ep\u00f3xi | Epoxy Emporium","description":"Entra em contacto connosco na Epoxy Emporium. Estamos dispon\u00edveis para responder \u00e0s tuas perguntas e ajudar-te nas tuas escolhas.","robots":{"index":"index","follow":"follow","max-snippet":"max-snippet:-1","max-image-preview":"max-image-preview:large","max-video-preview":"max-video-preview:-1"},"canonical":"https:\/\/epoxy-emporium.pt\/pt\/contactos\/","og_locale":"pt_PT","og_type":"article","og_title":"Contactos: Fala connosco sobre Resina Ep\u00f3xi | Epoxy Emporium","og_description":"Entra em contacto connosco na Epoxy Emporium. Estamos dispon\u00edveis para responder \u00e0s tuas perguntas e ajudar-te nas tuas escolhas.","og_url":"https:\/\/epoxy-emporium.pt\/pt\/contactos\/","og_site_name":"epoxy-emporium.pt","article_publisher":"https:\/\/www.facebook.com\/EpoxyEmporium.Resina\/","article_modified_time":"2025-09-22T16:56:41+00:00","og_image":[{"width":101,"height":120,"url":"https:\/\/epoxy-emporium.pt\/wp-content\/uploads\/2023\/07\/Arrows-1.png","type":"image\/png"}],"twitter_card":"summary_large_image","twitter_misc":{"Tempo estimado de leitura":"1 minuto"},"schema":{"@context":"https:\/\/schema.org","@graph":[{"@type":"WebPage","@id":"https:\/\/epoxy-emporium.pt\/pt\/contactos\/","url":"https:\/\/epoxy-emporium.pt\/pt\/contactos\/","name":"Contactos: Fala connosco sobre Resina Ep\u00f3xi | Epoxy Emporium","isPartOf":{"@id":"https:\/\/epoxy-emporium.pt\/pt\/#website"},"primaryImageOfPage":{"@id":"https:\/\/epoxy-emporium.pt\/pt\/contactos\/#primaryimage"},"image":{"@id":"https:\/\/epoxy-emporium.pt\/pt\/contactos\/#primaryimage"},"thumbnailUrl":"https:\/\/epoxy-emporium.pt\/wp-content\/uploads\/2023\/07\/Arrows-1.png","datePublished":"2023-04-03T11:52:10+00:00","dateModified":"2025-09-22T16:56:41+00:00","description":"Entra em contacto connosco na Epoxy Emporium. Estamos dispon\u00edveis para responder \u00e0s tuas perguntas e ajudar-te nas tuas escolhas.","breadcrumb":{"@id":"https:\/\/epoxy-emporium.pt\/pt\/contactos\/#breadcrumb"},"inLanguage":"pt-PT","potentialAction":[{"@type":"ReadAction","target":["https:\/\/epoxy-emporium.pt\/pt\/contactos\/"]}]},{"@type":"ImageObject","inLanguage":"pt-PT","@id":"https:\/\/epoxy-emporium.pt\/pt\/contactos\/#primaryimage","url":"https:\/\/epoxy-emporium.pt\/wp-content\/uploads\/2023\/07\/Arrows-1.png","contentUrl":"https:\/\/epoxy-emporium.pt\/wp-content\/uploads\/2023\/07\/Arrows-1.png"},{"@type":"BreadcrumbList","@id":"https:\/\/epoxy-emporium.pt\/pt\/contactos\/#breadcrumb","itemListElement":[{"@type":"ListItem","position":1,"name":"Home","item":"https:\/\/epoxy-emporium.pt\/pt\/"},{"@type":"ListItem","position":2,"name":"Contactos"}]},{"@type":"WebSite","@id":"https:\/\/epoxy-emporium.pt\/pt\/#website","url":"https:\/\/epoxy-emporium.pt\/pt\/","name":"Epoxy Emporium","description":"","publisher":{"@id":"https:\/\/epoxy-emporium.pt\/pt\/#organization"},"potentialAction":[{"@type":"SearchAction","target":{"@type":"EntryPoint","urlTemplate":"https:\/\/epoxy-emporium.pt\/pt\/?s={search_term_string}"},"query-input":{"@type":"PropertyValueSpecification","valueRequired":true,"valueName":"search_term_string"}}],"inLanguage":"pt-PT"},{"@type":"Organization","@id":"https:\/\/epoxy-emporium.pt\/pt\/#organization","name":"Epoxy Emporium","url":"https:\/\/epoxy-emporium.pt\/pt\/","logo":{"@type":"ImageObject","inLanguage":"pt-PT","@id":"https:\/\/epoxy-emporium.pt\/pt\/#\/schema\/logo\/image\/","url":"https:\/\/epoxy-emporium.pt\/wp-content\/uploads\/2023\/04\/Logo-x2.png","contentUrl":"https:\/\/epoxy-emporium.pt\/wp-content\/uploads\/2023\/04\/Logo-x2.png","width":600,"height":160,"caption":"Epoxy Emporium"},"image":{"@id":"https:\/\/epoxy-emporium.pt\/pt\/#\/schema\/logo\/image\/"},"sameAs":["https:\/\/www.facebook.com\/EpoxyEmporium.Resina\/","https:\/\/www.instagram.com\/epoxyemporium.resin\/"]}]}},"_links":{"self":[{"href":"https:\/\/epoxy-emporium.pt\/pt\/wp-json\/wp\/v2\/pages\/14","targetHints":{"allow":["GET"]}}],"collection":[{"href":"https:\/\/epoxy-emporium.pt\/pt\/wp-json\/wp\/v2\/pages"}],"about":[{"href":"https:\/\/epoxy-emporium.pt\/pt\/wp-json\/wp\/v2\/types\/page"}],"author":[{"embeddable":true,"href":"https:\/\/epoxy-emporium.pt\/pt\/wp-json\/wp\/v2\/users\/12"}],"replies":[{"embeddable":true,"href":"https:\/\/epoxy-emporium.pt\/pt\/wp-json\/wp\/v2\/comments?post=14"}],"version-history":[{"count":99,"href":"https:\/\/epoxy-emporium.pt\/pt\/wp-json\/wp\/v2\/pages\/14\/revisions"}],"predecessor-version":[{"id":8378,"href":"https:\/\/epoxy-emporium.pt\/pt\/wp-json\/wp\/v2\/pages\/14\/revisions\/8378"}],"wp:attachment":[{"href":"https:\/\/epoxy-emporium.pt\/pt\/wp-json\/wp\/v2\/media?parent=14"}],"curies":[{"name":"wp","href":"https:\/\/api.w.org\/{rel}","templated":true}]}}