{"id":2918,"date":"2023-08-31T11:47:13","date_gmt":"2023-08-31T11:47:13","guid":{"rendered":"https:\/\/dev.epoxy-emporium.pt\/processes\/websites\/sistemas-de-resina\/?post_type=product&#038;p=2918"},"modified":"2025-12-02T02:41:51","modified_gmt":"2025-12-02T02:41:51","slug":"espatula-dentada","status":"publish","type":"product","link":"https:\/\/epoxy-emporium.pt\/en\/product\/espatula-dentada\/","title":{"rendered":"Esp\u00e1tula Dentada"},"content":{"rendered":"<div data-elementor-type=\"product-post\" data-elementor-id=\"2918\" class=\"elementor elementor-2918\" data-elementor-post-type=\"product\">\n\t\t\t\t\t\t<section class=\"elementor-section elementor-top-section elementor-element elementor-element-736a781 elementor-section-boxed elementor-section-height-default elementor-section-height-default\" data-id=\"736a781\" data-element_type=\"section\" data-settings=\"{&quot;background_background&quot;:&quot;classic&quot;,&quot;background_motion_fx_motion_fx_scrolling&quot;:&quot;yes&quot;,&quot;background_motion_fx_translateX_effect&quot;:&quot;yes&quot;,&quot;background_motion_fx_range&quot;:&quot;viewport&quot;,&quot;background_motion_fx_translateX_speed&quot;:{&quot;unit&quot;:&quot;px&quot;,&quot;size&quot;:4,&quot;sizes&quot;:[]},&quot;background_motion_fx_translateX_affectedRange&quot;:{&quot;unit&quot;:&quot;%&quot;,&quot;size&quot;:&quot;&quot;,&quot;sizes&quot;:{&quot;start&quot;:0,&quot;end&quot;:100}},&quot;background_motion_fx_devices&quot;:[&quot;desktop&quot;,&quot;tablet&quot;,&quot;mobile&quot;]}\">\n\t\t\t\t\t\t<div class=\"elementor-container elementor-column-gap-default\">\n\t\t\t\t\t<div class=\"elementor-column elementor-col-100 elementor-top-column elementor-element elementor-element-3a6d309\" data-id=\"3a6d309\" data-element_type=\"column\">\n\t\t\t<div class=\"elementor-widget-wrap elementor-element-populated\">\n\t\t\t\t\t\t<section class=\"elementor-section elementor-inner-section elementor-element elementor-element-8c1bcb8 elementor-section-boxed elementor-section-height-default elementor-section-height-default\" data-id=\"8c1bcb8\" data-element_type=\"section\">\n\t\t\t\t\t\t<div class=\"elementor-container elementor-column-gap-default\">\n\t\t\t\t\t<div class=\"elementor-column elementor-col-100 elementor-inner-column elementor-element elementor-element-28b75f3\" data-id=\"28b75f3\" data-element_type=\"column\">\n\t\t\t<div class=\"elementor-widget-wrap elementor-element-populated\">\n\t\t\t\t\t\t<div class=\"elementor-element elementor-element-063c8f4 elementor-widget-mobile__width-auto elementor-widget__width-initial elementor-invisible elementor-widget elementor-widget-heading\" data-id=\"063c8f4\" data-element_type=\"widget\" data-settings=\"{&quot;_animation&quot;:&quot;fadeInUp&quot;}\" data-widget_type=\"heading.default\">\n\t\t\t\t<div class=\"elementor-widget-container\">\n\t\t\t\t\t<h2 class=\"elementor-heading-title elementor-size-default\">Descri\u00e7\u00e3o<\/h2>\t\t\t\t<\/div>\n\t\t\t\t<\/div>\n\t\t\t\t<div class=\"elementor-element elementor-element-93ba6f7 elementor-widget-mobile__width-auto e-transform elementor-widget__width-initial elementor-view-default elementor-invisible elementor-widget elementor-widget-icon\" data-id=\"93ba6f7\" data-element_type=\"widget\" data-settings=\"{&quot;_transform_rotateZ_effect_mobile&quot;:{&quot;unit&quot;:&quot;deg&quot;,&quot;size&quot;:180,&quot;sizes&quot;:[]},&quot;_animation&quot;:&quot;fadeInUp&quot;,&quot;_transform_rotateZ_effect&quot;:{&quot;unit&quot;:&quot;px&quot;,&quot;size&quot;:&quot;&quot;,&quot;sizes&quot;:[]},&quot;_transform_rotateZ_effect_tablet&quot;:{&quot;unit&quot;:&quot;deg&quot;,&quot;size&quot;:&quot;&quot;,&quot;sizes&quot;:[]}}\" data-widget_type=\"icon.default\">\n\t\t\t\t<div class=\"elementor-widget-container\">\n\t\t\t\t\t\t\t<div class=\"elementor-icon-wrapper\">\n\t\t\t<div class=\"elementor-icon\">\n\t\t\t<svg xmlns=\"http:\/\/www.w3.org\/2000\/svg\" id=\"Layer_1\" data-name=\"Layer 1\" viewbox=\"0 0 34 34\"><path d=\"M34,1V27a1,1,0,1,1-2,0V3.41L1.71,33.71A1,1,0,0,1,1,34a1,1,0,0,1-.71-1.71L30.59,2H7a1,1,0,0,1-.71-.29A1,1,0,0,1,6,1,1,1,0,0,1,6.29.29,1,1,0,0,1,7,0H33a1,1,0,0,1,.71.29A1,1,0,0,1,34,1Z\" transform=\"translate(0)\"><\/path><\/svg>\t\t\t<\/div>\n\t\t<\/div>\n\t\t\t\t\t\t<\/div>\n\t\t\t\t<\/div>\n\t\t\t\t<div class=\"elementor-element elementor-element-c1218ed elementor-widget elementor-widget-spacer\" data-id=\"c1218ed\" data-element_type=\"widget\" data-widget_type=\"spacer.default\">\n\t\t\t\t<div class=\"elementor-widget-container\">\n\t\t\t\t\t\t\t<div class=\"elementor-spacer\">\n\t\t\t<div class=\"elementor-spacer-inner\"><\/div>\n\t\t<\/div>\n\t\t\t\t\t\t<\/div>\n\t\t\t\t<\/div>\n\t\t\t\t<div class=\"elementor-element elementor-element-c3f04b7 elementor-invisible elementor-widget elementor-widget-text-editor\" data-id=\"c3f04b7\" data-element_type=\"widget\" data-settings=\"{&quot;_animation&quot;:&quot;fadeInUp&quot;}\" data-widget_type=\"text-editor.default\">\n\t\t\t\t<div class=\"elementor-widget-container\">\n\t\t\t\t\t\t\t\t\t<p>A esp\u00e1tula dentada \u00e9 um acess\u00f3rio essencial para mover e espalhar a resina de forma eficiente, garantindo uma camada uniforme e consistente. Projetada com quatro frentes distintas, oferece funcionalidades espec\u00edficas para uma aplica\u00e7\u00e3o precisa: borda chanfrada, lateral com ranhuras de 2mm, lateral com ranhuras de 3mm e o lado liso.<\/p><p>Com dimens\u00f5es de 106mm x 71mm, esta esp\u00e1tula \u00e9 compacta e f\u00e1cil de manusear, proporcionando uma aplica\u00e7\u00e3o eficiente e resultados profissionais em cada projeto.<\/p>\t\t\t\t\t\t\t\t<\/div>\n\t\t\t\t<\/div>\n\t\t\t\t\t<\/div>\n\t\t<\/div>\n\t\t\t\t\t<\/div>\n\t\t<\/section>\n\t\t\t\t\t<\/div>\n\t\t<\/div>\n\t\t\t\t\t<\/div>\n\t\t<\/section>\n\t\t\t\t<\/div>","protected":false},"excerpt":{"rendered":"<p>Descri\u00e7\u00e3o &nbsp; A esp\u00e1tula dentada \u00e9 um acess\u00f3rio essencial para mover e espalhar a resina de forma eficiente, garantindo uma camada uniforme e consistente. Projetada com quatro frentes distintas, oferece funcionalidades espec\u00edficas para uma aplica\u00e7\u00e3o precisa: borda chanfrada, lateral com ranhuras de 2mm, lateral com ranhuras de 3mm e o lado liso. Com dimens\u00f5es de [&hellip;]<\/p>","protected":false},"featured_media":6219,"comment_status":"open","ping_status":"closed","template":"","meta":{"_acf_changed":false},"product_brand":[],"product_cat":[33],"product_tag":[],"class_list":{"0":"post-2918","1":"product","2":"type-product","3":"status-publish","4":"has-post-thumbnail","6":"product_cat-espatula-dentada","7":"product_shipping_class-weight-based","9":"first","10":"instock","11":"taxable","12":"shipping-taxable","13":"purchasable","14":"product-type-simple"},"acf":[],"yoast_head":"<!-- This site is optimized with the Yoast SEO plugin v26.0 - https:\/\/yoast.com\/wordpress\/plugins\/seo\/ -->\n<title>Esp\u00e1tula dentada Antiaderente a Resina Ep\u00f3xi | Epoxy Emporium<\/title>\n<meta name=\"description\" content=\"Explora a versatilidade da Esp\u00e1tula Dentada: move, espalha e garante uniformidade na aplica\u00e7\u00e3o de resina ep\u00f3xi. F\u00e1cil de usar, antiaderente e resistente!\" \/>\n<meta name=\"robots\" content=\"index, follow, max-snippet:-1, max-image-preview:large, max-video-preview:-1\" \/>\n<link rel=\"canonical\" href=\"https:\/\/epoxy-emporium.pt\/en\/product\/espatula-dentada\/\" \/>\n<meta property=\"og:locale\" content=\"en_GB\" \/>\n<meta property=\"og:type\" content=\"article\" \/>\n<meta property=\"og:title\" content=\"Esp\u00e1tula dentada Antiaderente a Resina Ep\u00f3xi | Epoxy Emporium\" \/>\n<meta property=\"og:description\" content=\"Explora a versatilidade da Esp\u00e1tula Dentada: move, espalha e garante uniformidade na aplica\u00e7\u00e3o de resina ep\u00f3xi. F\u00e1cil de usar, antiaderente e resistente!\" \/>\n<meta property=\"og:url\" content=\"https:\/\/epoxy-emporium.pt\/en\/product\/espatula-dentada\/\" \/>\n<meta property=\"og:site_name\" content=\"epoxy-emporium.pt\" \/>\n<meta property=\"article:publisher\" content=\"https:\/\/www.facebook.com\/EpoxyEmporium.Resina\/\" \/>\n<meta property=\"article:modified_time\" content=\"2025-12-02T02:41:51+00:00\" \/>\n<meta property=\"og:image\" content=\"https:\/\/epoxy-emporium.pt\/wp-content\/uploads\/2023\/08\/Espatula_dentada.jpg\" \/>\n\t<meta property=\"og:image:width\" content=\"1200\" \/>\n\t<meta property=\"og:image:height\" content=\"1200\" \/>\n\t<meta property=\"og:image:type\" content=\"image\/jpeg\" \/>\n<meta name=\"twitter:card\" content=\"summary_large_image\" \/>\n<meta name=\"twitter:label1\" content=\"Estimated reading time\" \/>\n\t<meta name=\"twitter:data1\" content=\"1 minute\" \/>\n<script type=\"application\/ld+json\" class=\"yoast-schema-graph\">{\"@context\":\"https:\/\/schema.org\",\"@graph\":[{\"@type\":\"WebPage\",\"@id\":\"https:\/\/epoxy-emporium.pt\/produto\/espatula-dentada\/\",\"url\":\"https:\/\/epoxy-emporium.pt\/produto\/espatula-dentada\/\",\"name\":\"Esp\u00e1tula dentada Antiaderente a Resina Ep\u00f3xi | Epoxy Emporium\",\"isPartOf\":{\"@id\":\"https:\/\/epoxy-emporium.pt\/pt\/#website\"},\"primaryImageOfPage\":{\"@id\":\"https:\/\/epoxy-emporium.pt\/produto\/espatula-dentada\/#primaryimage\"},\"image\":{\"@id\":\"https:\/\/epoxy-emporium.pt\/produto\/espatula-dentada\/#primaryimage\"},\"thumbnailUrl\":\"https:\/\/epoxy-emporium.pt\/wp-content\/uploads\/2023\/08\/Espatula_dentada.jpg\",\"datePublished\":\"2023-08-31T11:47:13+00:00\",\"dateModified\":\"2025-12-02T02:41:51+00:00\",\"description\":\"Explora a versatilidade da Esp\u00e1tula Dentada: move, espalha e garante uniformidade na aplica\u00e7\u00e3o de resina ep\u00f3xi. F\u00e1cil de usar, antiaderente e resistente!\",\"breadcrumb\":{\"@id\":\"https:\/\/epoxy-emporium.pt\/produto\/espatula-dentada\/#breadcrumb\"},\"inLanguage\":\"en-GB\",\"potentialAction\":[{\"@type\":\"ReadAction\",\"target\":[\"https:\/\/epoxy-emporium.pt\/produto\/espatula-dentada\/\"]}]},{\"@type\":\"ImageObject\",\"inLanguage\":\"en-GB\",\"@id\":\"https:\/\/epoxy-emporium.pt\/produto\/espatula-dentada\/#primaryimage\",\"url\":\"https:\/\/epoxy-emporium.pt\/wp-content\/uploads\/2023\/08\/Espatula_dentada.jpg\",\"contentUrl\":\"https:\/\/epoxy-emporium.pt\/wp-content\/uploads\/2023\/08\/Espatula_dentada.jpg\",\"width\":1200,\"height\":1200,\"caption\":\"Esp\u00e1tula dentada branca usada para aplica\u00e7\u00e3o de adesivos e revestimentos, com bordas recortadas em formato de dentes uniformes.\"},{\"@type\":\"BreadcrumbList\",\"@id\":\"https:\/\/epoxy-emporium.pt\/produto\/espatula-dentada\/#breadcrumb\",\"itemListElement\":[{\"@type\":\"ListItem\",\"position\":1,\"name\":\"Home\",\"item\":\"https:\/\/epoxy-emporium.pt\/pt\/\"},{\"@type\":\"ListItem\",\"position\":2,\"name\":\"Shop\",\"item\":\"https:\/\/epoxy-emporium.pt\/pt\/shop\/\"},{\"@type\":\"ListItem\",\"position\":3,\"name\":\"Esp\u00e1tula Dentada\"}]},{\"@type\":\"WebSite\",\"@id\":\"https:\/\/epoxy-emporium.pt\/pt\/#website\",\"url\":\"https:\/\/epoxy-emporium.pt\/pt\/\",\"name\":\"Epoxy Emporium\",\"description\":\"\",\"publisher\":{\"@id\":\"https:\/\/epoxy-emporium.pt\/pt\/#organization\"},\"potentialAction\":[{\"@type\":\"SearchAction\",\"target\":{\"@type\":\"EntryPoint\",\"urlTemplate\":\"https:\/\/epoxy-emporium.pt\/pt\/?s={search_term_string}\"},\"query-input\":{\"@type\":\"PropertyValueSpecification\",\"valueRequired\":true,\"valueName\":\"search_term_string\"}}],\"inLanguage\":\"en-GB\"},{\"@type\":\"Organization\",\"@id\":\"https:\/\/epoxy-emporium.pt\/pt\/#organization\",\"name\":\"Epoxy Emporium\",\"url\":\"https:\/\/epoxy-emporium.pt\/pt\/\",\"logo\":{\"@type\":\"ImageObject\",\"inLanguage\":\"en-GB\",\"@id\":\"https:\/\/epoxy-emporium.pt\/pt\/#\/schema\/logo\/image\/\",\"url\":\"https:\/\/epoxy-emporium.pt\/wp-content\/uploads\/2023\/04\/Logo-x2.png\",\"contentUrl\":\"https:\/\/epoxy-emporium.pt\/wp-content\/uploads\/2023\/04\/Logo-x2.png\",\"width\":600,\"height\":160,\"caption\":\"Epoxy Emporium\"},\"image\":{\"@id\":\"https:\/\/epoxy-emporium.pt\/pt\/#\/schema\/logo\/image\/\"},\"sameAs\":[\"https:\/\/www.facebook.com\/EpoxyEmporium.Resina\/\",\"https:\/\/www.instagram.com\/epoxyemporium.resin\/\"]}]}<\/script>\n<!-- \/ Yoast SEO plugin. -->","yoast_head_json":{"title":"Esp\u00e1tula dentada Antiaderente a Resina Ep\u00f3xi | Epoxy Emporium","description":"Explora a versatilidade da Esp\u00e1tula Dentada: move, espalha e garante uniformidade na aplica\u00e7\u00e3o de resina ep\u00f3xi. F\u00e1cil de usar, antiaderente e resistente!","robots":{"index":"index","follow":"follow","max-snippet":"max-snippet:-1","max-image-preview":"max-image-preview:large","max-video-preview":"max-video-preview:-1"},"canonical":"https:\/\/epoxy-emporium.pt\/en\/product\/espatula-dentada\/","og_locale":"en_GB","og_type":"article","og_title":"Esp\u00e1tula dentada Antiaderente a Resina Ep\u00f3xi | Epoxy Emporium","og_description":"Explora a versatilidade da Esp\u00e1tula Dentada: move, espalha e garante uniformidade na aplica\u00e7\u00e3o de resina ep\u00f3xi. F\u00e1cil de usar, antiaderente e resistente!","og_url":"https:\/\/epoxy-emporium.pt\/en\/product\/espatula-dentada\/","og_site_name":"epoxy-emporium.pt","article_publisher":"https:\/\/www.facebook.com\/EpoxyEmporium.Resina\/","article_modified_time":"2025-12-02T02:41:51+00:00","og_image":[{"width":1200,"height":1200,"url":"https:\/\/epoxy-emporium.pt\/wp-content\/uploads\/2023\/08\/Espatula_dentada.jpg","type":"image\/jpeg"}],"twitter_card":"summary_large_image","twitter_misc":{"Estimated reading time":"1 minute"},"schema":{"@context":"https:\/\/schema.org","@graph":[{"@type":"WebPage","@id":"https:\/\/epoxy-emporium.pt\/produto\/espatula-dentada\/","url":"https:\/\/epoxy-emporium.pt\/produto\/espatula-dentada\/","name":"Esp\u00e1tula dentada Antiaderente a Resina Ep\u00f3xi | Epoxy Emporium","isPartOf":{"@id":"https:\/\/epoxy-emporium.pt\/pt\/#website"},"primaryImageOfPage":{"@id":"https:\/\/epoxy-emporium.pt\/produto\/espatula-dentada\/#primaryimage"},"image":{"@id":"https:\/\/epoxy-emporium.pt\/produto\/espatula-dentada\/#primaryimage"},"thumbnailUrl":"https:\/\/epoxy-emporium.pt\/wp-content\/uploads\/2023\/08\/Espatula_dentada.jpg","datePublished":"2023-08-31T11:47:13+00:00","dateModified":"2025-12-02T02:41:51+00:00","description":"Explora a versatilidade da Esp\u00e1tula Dentada: move, espalha e garante uniformidade na aplica\u00e7\u00e3o de resina ep\u00f3xi. F\u00e1cil de usar, antiaderente e resistente!","breadcrumb":{"@id":"https:\/\/epoxy-emporium.pt\/produto\/espatula-dentada\/#breadcrumb"},"inLanguage":"en-GB","potentialAction":[{"@type":"ReadAction","target":["https:\/\/epoxy-emporium.pt\/produto\/espatula-dentada\/"]}]},{"@type":"ImageObject","inLanguage":"en-GB","@id":"https:\/\/epoxy-emporium.pt\/produto\/espatula-dentada\/#primaryimage","url":"https:\/\/epoxy-emporium.pt\/wp-content\/uploads\/2023\/08\/Espatula_dentada.jpg","contentUrl":"https:\/\/epoxy-emporium.pt\/wp-content\/uploads\/2023\/08\/Espatula_dentada.jpg","width":1200,"height":1200,"caption":"Esp\u00e1tula dentada branca usada para aplica\u00e7\u00e3o de adesivos e revestimentos, com bordas recortadas em formato de dentes uniformes."},{"@type":"BreadcrumbList","@id":"https:\/\/epoxy-emporium.pt\/produto\/espatula-dentada\/#breadcrumb","itemListElement":[{"@type":"ListItem","position":1,"name":"Home","item":"https:\/\/epoxy-emporium.pt\/pt\/"},{"@type":"ListItem","position":2,"name":"Shop","item":"https:\/\/epoxy-emporium.pt\/pt\/shop\/"},{"@type":"ListItem","position":3,"name":"Esp\u00e1tula Dentada"}]},{"@type":"WebSite","@id":"https:\/\/epoxy-emporium.pt\/pt\/#website","url":"https:\/\/epoxy-emporium.pt\/pt\/","name":"Epoxy Emporium","description":"","publisher":{"@id":"https:\/\/epoxy-emporium.pt\/pt\/#organization"},"potentialAction":[{"@type":"SearchAction","target":{"@type":"EntryPoint","urlTemplate":"https:\/\/epoxy-emporium.pt\/pt\/?s={search_term_string}"},"query-input":{"@type":"PropertyValueSpecification","valueRequired":true,"valueName":"search_term_string"}}],"inLanguage":"en-GB"},{"@type":"Organization","@id":"https:\/\/epoxy-emporium.pt\/pt\/#organization","name":"Epoxy Emporium","url":"https:\/\/epoxy-emporium.pt\/pt\/","logo":{"@type":"ImageObject","inLanguage":"en-GB","@id":"https:\/\/epoxy-emporium.pt\/pt\/#\/schema\/logo\/image\/","url":"https:\/\/epoxy-emporium.pt\/wp-content\/uploads\/2023\/04\/Logo-x2.png","contentUrl":"https:\/\/epoxy-emporium.pt\/wp-content\/uploads\/2023\/04\/Logo-x2.png","width":600,"height":160,"caption":"Epoxy Emporium"},"image":{"@id":"https:\/\/epoxy-emporium.pt\/pt\/#\/schema\/logo\/image\/"},"sameAs":["https:\/\/www.facebook.com\/EpoxyEmporium.Resina\/","https:\/\/www.instagram.com\/epoxyemporium.resin\/"]}]}},"_links":{"self":[{"href":"https:\/\/epoxy-emporium.pt\/en\/wp-json\/wp\/v2\/product\/2918","targetHints":{"allow":["GET"]}}],"collection":[{"href":"https:\/\/epoxy-emporium.pt\/en\/wp-json\/wp\/v2\/product"}],"about":[{"href":"https:\/\/epoxy-emporium.pt\/en\/wp-json\/wp\/v2\/types\/product"}],"replies":[{"embeddable":true,"href":"https:\/\/epoxy-emporium.pt\/en\/wp-json\/wp\/v2\/comments?post=2918"}],"version-history":[{"count":13,"href":"https:\/\/epoxy-emporium.pt\/en\/wp-json\/wp\/v2\/product\/2918\/revisions"}],"predecessor-version":[{"id":8548,"href":"https:\/\/epoxy-emporium.pt\/en\/wp-json\/wp\/v2\/product\/2918\/revisions\/8548"}],"wp:featuredmedia":[{"embeddable":true,"href":"https:\/\/epoxy-emporium.pt\/en\/wp-json\/wp\/v2\/media\/6219"}],"wp:attachment":[{"href":"https:\/\/epoxy-emporium.pt\/en\/wp-json\/wp\/v2\/media?parent=2918"}],"wp:term":[{"taxonomy":"product_brand","embeddable":true,"href":"https:\/\/epoxy-emporium.pt\/en\/wp-json\/wp\/v2\/product_brand?post=2918"},{"taxonomy":"product_cat","embeddable":true,"href":"https:\/\/epoxy-emporium.pt\/en\/wp-json\/wp\/v2\/product_cat?post=2918"},{"taxonomy":"product_tag","embeddable":true,"href":"https:\/\/epoxy-emporium.pt\/en\/wp-json\/wp\/v2\/product_tag?post=2918"}],"curies":[{"name":"wp","href":"https:\/\/api.w.org\/{rel}","templated":true}]}}