{"id":2774,"date":"2023-08-28T12:05:57","date_gmt":"2023-08-28T12:05:57","guid":{"rendered":"https:\/\/dev.epoxy-emporium.pt\/processes\/websites\/sistemas-de-resina\/?post_type=product&#038;p=2774"},"modified":"2025-01-05T17:23:20","modified_gmt":"2025-01-05T17:23:20","slug":"pigmentos-translucidos","status":"publish","type":"product","link":"https:\/\/epoxy-emporium.pt\/en\/product\/pigmentos-translucidos\/","title":{"rendered":"Pigmentos Transl\u00facidos"},"content":{"rendered":"<div data-elementor-type=\"product-post\" data-elementor-id=\"2774\" class=\"elementor elementor-2774\" data-elementor-post-type=\"product\">\n\t\t\t\t\t\t<section class=\"elementor-section elementor-top-section elementor-element elementor-element-2fe2a95 elementor-section-boxed elementor-section-height-default elementor-section-height-default\" data-id=\"2fe2a95\" data-element_type=\"section\" data-settings=\"{&quot;background_background&quot;:&quot;classic&quot;}\">\n\t\t\t\t\t\t\t<div class=\"elementor-background-overlay\"><\/div>\n\t\t\t\t\t\t\t<div class=\"elementor-container elementor-column-gap-default\">\n\t\t\t\t\t<div class=\"elementor-column elementor-col-100 elementor-top-column elementor-element elementor-element-139764e\" data-id=\"139764e\" data-element_type=\"column\">\n\t\t\t<div class=\"elementor-widget-wrap elementor-element-populated\">\n\t\t\t\t\t\t<section class=\"elementor-section elementor-inner-section elementor-element elementor-element-9b45874 elementor-section-boxed elementor-section-height-default elementor-section-height-default\" data-id=\"9b45874\" data-element_type=\"section\">\n\t\t\t\t\t\t<div class=\"elementor-container elementor-column-gap-default\">\n\t\t\t\t\t<div class=\"elementor-column elementor-col-100 elementor-inner-column elementor-element elementor-element-2231ed5\" data-id=\"2231ed5\" data-element_type=\"column\">\n\t\t\t<div class=\"elementor-widget-wrap elementor-element-populated\">\n\t\t\t\t\t\t<div class=\"elementor-element elementor-element-21f97f3 elementor-widget-mobile__width-auto elementor-widget__width-initial elementor-invisible elementor-widget elementor-widget-heading\" data-id=\"21f97f3\" data-element_type=\"widget\" data-settings=\"{&quot;_animation&quot;:&quot;fadeInUp&quot;}\" data-widget_type=\"heading.default\">\n\t\t\t\t<div class=\"elementor-widget-container\">\n\t\t\t\t\t<h2 class=\"elementor-heading-title elementor-size-default\">Descri\u00e7\u00e3o<\/h2>\t\t\t\t<\/div>\n\t\t\t\t<\/div>\n\t\t\t\t<div class=\"elementor-element elementor-element-bb9f5d7 elementor-widget-mobile__width-auto e-transform elementor-widget__width-initial elementor-view-default elementor-invisible elementor-widget elementor-widget-icon\" data-id=\"bb9f5d7\" data-element_type=\"widget\" data-settings=\"{&quot;_transform_rotateZ_effect_mobile&quot;:{&quot;unit&quot;:&quot;deg&quot;,&quot;size&quot;:180,&quot;sizes&quot;:[]},&quot;_animation&quot;:&quot;fadeInUp&quot;,&quot;_transform_rotateZ_effect&quot;:{&quot;unit&quot;:&quot;px&quot;,&quot;size&quot;:&quot;&quot;,&quot;sizes&quot;:[]},&quot;_transform_rotateZ_effect_tablet&quot;:{&quot;unit&quot;:&quot;deg&quot;,&quot;size&quot;:&quot;&quot;,&quot;sizes&quot;:[]}}\" data-widget_type=\"icon.default\">\n\t\t\t\t<div class=\"elementor-widget-container\">\n\t\t\t\t\t\t\t<div class=\"elementor-icon-wrapper\">\n\t\t\t<div class=\"elementor-icon\">\n\t\t\t<svg xmlns=\"http:\/\/www.w3.org\/2000\/svg\" id=\"Layer_1\" data-name=\"Layer 1\" viewbox=\"0 0 34 34\"><path d=\"M34,1V27a1,1,0,1,1-2,0V3.41L1.71,33.71A1,1,0,0,1,1,34a1,1,0,0,1-.71-1.71L30.59,2H7a1,1,0,0,1-.71-.29A1,1,0,0,1,6,1,1,1,0,0,1,6.29.29,1,1,0,0,1,7,0H33a1,1,0,0,1,.71.29A1,1,0,0,1,34,1Z\" transform=\"translate(0)\"><\/path><\/svg>\t\t\t<\/div>\n\t\t<\/div>\n\t\t\t\t\t\t<\/div>\n\t\t\t\t<\/div>\n\t\t\t\t<div class=\"elementor-element elementor-element-af0434f elementor-widget elementor-widget-spacer\" data-id=\"af0434f\" data-element_type=\"widget\" data-widget_type=\"spacer.default\">\n\t\t\t\t<div class=\"elementor-widget-container\">\n\t\t\t\t\t\t\t<div class=\"elementor-spacer\">\n\t\t\t<div class=\"elementor-spacer-inner\"><\/div>\n\t\t<\/div>\n\t\t\t\t\t\t<\/div>\n\t\t\t\t<\/div>\n\t\t\t\t<div class=\"elementor-element elementor-element-a7c5fd9 elementor-widget elementor-widget-text-editor\" data-id=\"a7c5fd9\" data-element_type=\"widget\" data-widget_type=\"text-editor.default\">\n\t\t\t\t<div class=\"elementor-widget-container\">\n\t\t\t\t\t\t\t\t\t<p>D\u00e1 vida aos teus projetos com os pigmentos transl\u00facidos da Epoxy Emporium! Estes pigmentos adicionam uma dimens\u00e3o vibrante e divertida \u00e0 resina ep\u00f3xi, permitindo criar efeitos transl\u00facidos deslumbrantes.<\/p>\t\t\t\t\t\t\t\t<\/div>\n\t\t\t\t<\/div>\n\t\t\t\t<div class=\"elementor-element elementor-element-bf80f7d elementor-invisible elementor-widget elementor-widget-heading\" data-id=\"bf80f7d\" data-element_type=\"widget\" data-settings=\"{&quot;_animation&quot;:&quot;fadeInUp&quot;}\" data-widget_type=\"heading.default\">\n\t\t\t\t<div class=\"elementor-widget-container\">\n\t\t\t\t\t<h3 class=\"elementor-heading-title elementor-size-default\">Pack de 6 cores neon<\/h3>\t\t\t\t<\/div>\n\t\t\t\t<\/div>\n\t\t\t\t<div class=\"elementor-element elementor-element-4f66d45 elementor-invisible elementor-widget elementor-widget-text-editor\" data-id=\"4f66d45\" data-element_type=\"widget\" data-settings=\"{&quot;_animation&quot;:&quot;fadeInUp&quot;}\" data-widget_type=\"text-editor.default\">\n\t\t\t\t<div class=\"elementor-widget-container\">\n\t\t\t\t\t\t\t\t\t<p>Este conjunto de 6 cores neon \u00e9 perfeito para adicionar tons vibrantes e divertidos aos teus projetos. Utiliza-os para criar efeitos transl\u00facidos que realmente se destacam!<\/p>\n<p><strong style=\"color: var( --e-global-color-text ); letter-spacing: 0.22px;\">O que cont\u00e9m:<\/strong><br><\/p>\n<ul>\n<li>25ml Vermelho N\u00e9on<\/li>\n<li>25 ml Laranja Neon<\/li>\n<li>25 ml Amarelo Neon<\/li>\n<li>25 ml Verde Neon<\/li>\n<li>25 ml Rosa N\u00e9on<\/li>\n<li>25ml Azul N\u00e9on.<\/li>\n<\/ul>\t\t\t\t\t\t\t\t<\/div>\n\t\t\t\t<\/div>\n\t\t\t\t<div class=\"elementor-element elementor-element-a5e58bd elementor-invisible elementor-widget elementor-widget-heading\" data-id=\"a5e58bd\" data-element_type=\"widget\" data-settings=\"{&quot;_animation&quot;:&quot;fadeInUp&quot;}\" data-widget_type=\"heading.default\">\n\t\t\t\t<div class=\"elementor-widget-container\">\n\t\t\t\t\t<h3 class=\"elementor-heading-title elementor-size-default\">Pack de 10 cores<\/h3>\t\t\t\t<\/div>\n\t\t\t\t<\/div>\n\t\t\t\t\t<\/div>\n\t\t<\/div>\n\t\t\t\t\t<\/div>\n\t\t<\/section>\n\t\t\t\t<div class=\"elementor-element elementor-element-a0ff111 elementor-invisible elementor-widget elementor-widget-text-editor\" data-id=\"a0ff111\" data-element_type=\"widget\" data-settings=\"{&quot;_animation&quot;:&quot;fadeInUp&quot;}\" data-widget_type=\"text-editor.default\">\n\t\t\t\t<div class=\"elementor-widget-container\">\n\t\t\t\t\t\t\t\t\t<p>Este conjunto de 10 cores \u00e9 ideal para criar efeitos transl\u00facidos que evocam a beleza dos vitrais. Deixa a tua criatividade fluir e transforma a tua resina ep\u00f3xi em obras de arte \u00fanicas!<\/p><p><strong style=\"color: var( --e-global-color-text ); letter-spacing: 0.22px;\">O que cont\u00e9m:<\/strong><br><\/p>\n<ul>\n<li>25ml Vermelho<\/li>\n<li>25 ml Laranja<\/li>\n<li>25ml Amarelo<\/li>\n<li>25ml Verde<\/li>\n<li>25 ml Rosa<\/li>\n<li>25ml Azul<\/li>\n<li>25ml Roxo<\/li>\n<li>25 ml Castanho<\/li>\n<li>25ml Preto<\/li>\n<li>25ml Azul Prussiano<\/li>\n<li>25 ml Turquesa<\/li>\n<\/ul>\t\t\t\t\t\t\t\t<\/div>\n\t\t\t\t<\/div>\n\t\t\t\t<section class=\"elementor-section elementor-inner-section elementor-element elementor-element-6e20e1f elementor-reverse-mobile elementor-section-boxed elementor-section-height-default elementor-section-height-default\" data-id=\"6e20e1f\" data-element_type=\"section\">\n\t\t\t\t\t\t<div class=\"elementor-container elementor-column-gap-default\">\n\t\t\t\t\t<div class=\"elementor-column elementor-col-50 elementor-inner-column elementor-element elementor-element-a17d7b0\" data-id=\"a17d7b0\" data-element_type=\"column\">\n\t\t\t<div class=\"elementor-widget-wrap elementor-element-populated\">\n\t\t\t\t\t\t<div class=\"elementor-element elementor-element-00587b9 elementor-invisible elementor-widget elementor-widget-image\" data-id=\"00587b9\" data-element_type=\"widget\" data-settings=\"{&quot;_animation&quot;:&quot;fadeIn&quot;}\" data-widget_type=\"image.default\">\n\t\t\t\t<div class=\"elementor-widget-container\">\n\t\t\t\t\t\t\t\t\t\t\t\t\t\t\t<img fetchpriority=\"high\" decoding=\"async\" width=\"573\" height=\"391\" src=\"https:\/\/epoxy-emporium.pt\/wp-content\/uploads\/2023\/07\/Imagem2.png\" class=\"attachment-full size-full wp-image-2326\" alt=\"Pessoa a despejar resina colorida em tons de laranja e azul numa moldura quadrada de madeira, criando um efeito art\u00edstico fluido com detalhes em relevo.\" srcset=\"https:\/\/epoxy-emporium.pt\/wp-content\/uploads\/2023\/07\/Imagem2.png 573w, https:\/\/epoxy-emporium.pt\/wp-content\/uploads\/2023\/07\/Imagem2-300x205.png 300w\" sizes=\"(max-width: 573px) 100vw, 573px\" \/>\t\t\t\t\t\t\t\t\t\t\t\t\t\t\t<\/div>\n\t\t\t\t<\/div>\n\t\t\t\t\t<\/div>\n\t\t<\/div>\n\t\t\t\t<div class=\"elementor-column elementor-col-50 elementor-inner-column elementor-element elementor-element-fdf784b\" data-id=\"fdf784b\" data-element_type=\"column\">\n\t\t\t<div class=\"elementor-widget-wrap elementor-element-populated\">\n\t\t\t\t\t\t<div class=\"elementor-element elementor-element-9b9410c elementor-invisible elementor-widget elementor-widget-heading\" data-id=\"9b9410c\" data-element_type=\"widget\" data-settings=\"{&quot;_animation&quot;:&quot;fadeInUp&quot;}\" data-widget_type=\"heading.default\">\n\t\t\t\t<div class=\"elementor-widget-container\">\n\t\t\t\t\t<h2 class=\"elementor-heading-title elementor-size-default\">Como utilizar os pigmentos?<\/h2>\t\t\t\t<\/div>\n\t\t\t\t<\/div>\n\t\t\t\t<div class=\"elementor-element elementor-element-5c50787 elementor-invisible elementor-widget elementor-widget-text-editor\" data-id=\"5c50787\" data-element_type=\"widget\" data-settings=\"{&quot;_animation&quot;:&quot;fadeInUp&quot;}\" data-widget_type=\"text-editor.default\">\n\t\t\t\t<div class=\"elementor-widget-container\">\n\t\t\t\t\t\t\t\t\t<p>Os nossos pigmentos transl\u00facidos s\u00e3o concentrados, sendo apenas necess\u00e1rio algumas gotas para criar um efeito transl\u00facido impressionante com a nossa resina ep\u00f3xi. Uma \u00fanica gota \u00e9 suficiente para pigmentar entre 20 a 40g de resina ep\u00f3xi, dependendo da intensidade de cor desejada. Por isso, cada garrafa de 25ml pode pigmentar entre 8 a 16kg de resina!<\/p><p>Lembra-te que quanto maior for a espessura da resina necess\u00e1ria para o teu projeto, menor a quantidade de pigmento necess\u00e1ria, uma vez que a concentra\u00e7\u00e3o de resina intensifica o tom do pigmento. Experimenta e v\u00ea a magia acontecer!<\/p>\t\t\t\t\t\t\t\t<\/div>\n\t\t\t\t<\/div>\n\t\t\t\t\t<\/div>\n\t\t<\/div>\n\t\t\t\t\t<\/div>\n\t\t<\/section>\n\t\t\t\t\t<\/div>\n\t\t<\/div>\n\t\t\t\t\t<\/div>\n\t\t<\/section>\n\t\t\t\t<\/div>","protected":false},"excerpt":{"rendered":"<p>Transforma os teus projetos com cores \u00fanicas e divertidas! Bastam algumas gotas dos Pigmentos Transl\u00facidos para criar efeitos vibrantes na resina ep\u00f3xi.<\/p>","protected":false},"featured_media":6178,"comment_status":"open","ping_status":"closed","template":"","meta":{"_acf_changed":false},"product_brand":[],"product_cat":[28],"product_tag":[],"class_list":{"0":"post-2774","1":"product","2":"type-product","3":"status-publish","4":"has-post-thumbnail","6":"product_cat-pigmentos-translucidos","8":"first","9":"outofstock","10":"taxable","11":"shipping-taxable","12":"purchasable","13":"product-type-variable"},"acf":[],"yoast_head":"<!-- This site is optimized with the Yoast SEO plugin v26.0 - https:\/\/yoast.com\/wordpress\/plugins\/seo\/ -->\n<title>Pigmentos Transl\u00facidos para Efeitos em Resina | Epoxy Emporium<\/title>\n<meta name=\"description\" content=\"Transforma os teus projetos com cores \u00fanicas! Bastam algumas gotas dos Pigmentos Transl\u00facidos para criar efeitos vibrantes na resina ep\u00f3xi.\" \/>\n<meta name=\"robots\" content=\"index, follow, max-snippet:-1, max-image-preview:large, max-video-preview:-1\" \/>\n<link rel=\"canonical\" href=\"https:\/\/epoxy-emporium.pt\/en\/product\/pigmentos-translucidos\/\" \/>\n<meta property=\"og:locale\" content=\"en_GB\" \/>\n<meta property=\"og:type\" content=\"article\" \/>\n<meta property=\"og:title\" content=\"Pigmentos Transl\u00facidos para Efeitos em Resina | Epoxy Emporium\" \/>\n<meta property=\"og:description\" content=\"Transforma os teus projetos com cores \u00fanicas! Bastam algumas gotas dos Pigmentos Transl\u00facidos para criar efeitos vibrantes na resina ep\u00f3xi.\" \/>\n<meta property=\"og:url\" content=\"https:\/\/epoxy-emporium.pt\/en\/product\/pigmentos-translucidos\/\" \/>\n<meta property=\"og:site_name\" content=\"epoxy-emporium.pt\" \/>\n<meta property=\"article:publisher\" content=\"https:\/\/www.facebook.com\/EpoxyEmporium.Resina\/\" \/>\n<meta property=\"article:modified_time\" content=\"2025-01-05T17:23:20+00:00\" \/>\n<meta property=\"og:image\" content=\"https:\/\/epoxy-emporium.pt\/wp-content\/uploads\/2023\/08\/Pigmentos-translucidos_.jpg\" \/>\n\t<meta property=\"og:image:width\" content=\"1200\" \/>\n\t<meta property=\"og:image:height\" content=\"1200\" \/>\n\t<meta property=\"og:image:type\" content=\"image\/jpeg\" \/>\n<meta name=\"twitter:card\" content=\"summary_large_image\" \/>\n<meta name=\"twitter:label1\" content=\"Estimated reading time\" \/>\n\t<meta name=\"twitter:data1\" content=\"2 minutes\" \/>\n<script type=\"application\/ld+json\" class=\"yoast-schema-graph\">{\"@context\":\"https:\/\/schema.org\",\"@graph\":[{\"@type\":\"WebPage\",\"@id\":\"https:\/\/epoxy-emporium.pt\/produto\/pigmentos-translucidos\/\",\"url\":\"https:\/\/epoxy-emporium.pt\/produto\/pigmentos-translucidos\/\",\"name\":\"Pigmentos Transl\u00facidos para Efeitos em Resina | Epoxy Emporium\",\"isPartOf\":{\"@id\":\"https:\/\/epoxy-emporium.pt\/pt\/#website\"},\"primaryImageOfPage\":{\"@id\":\"https:\/\/epoxy-emporium.pt\/produto\/pigmentos-translucidos\/#primaryimage\"},\"image\":{\"@id\":\"https:\/\/epoxy-emporium.pt\/produto\/pigmentos-translucidos\/#primaryimage\"},\"thumbnailUrl\":\"https:\/\/epoxy-emporium.pt\/wp-content\/uploads\/2023\/08\/Pigmentos-translucidos_.jpg\",\"datePublished\":\"2023-08-28T12:05:57+00:00\",\"dateModified\":\"2025-01-05T17:23:20+00:00\",\"description\":\"Transforma os teus projetos com cores \u00fanicas! Bastam algumas gotas dos Pigmentos Transl\u00facidos para criar efeitos vibrantes na resina ep\u00f3xi.\",\"breadcrumb\":{\"@id\":\"https:\/\/epoxy-emporium.pt\/produto\/pigmentos-translucidos\/#breadcrumb\"},\"inLanguage\":\"en-GB\",\"potentialAction\":[{\"@type\":\"ReadAction\",\"target\":[\"https:\/\/epoxy-emporium.pt\/produto\/pigmentos-translucidos\/\"]}]},{\"@type\":\"ImageObject\",\"inLanguage\":\"en-GB\",\"@id\":\"https:\/\/epoxy-emporium.pt\/produto\/pigmentos-translucidos\/#primaryimage\",\"url\":\"https:\/\/epoxy-emporium.pt\/wp-content\/uploads\/2023\/08\/Pigmentos-translucidos_.jpg\",\"contentUrl\":\"https:\/\/epoxy-emporium.pt\/wp-content\/uploads\/2023\/08\/Pigmentos-translucidos_.jpg\",\"width\":1200,\"height\":1200,\"caption\":\"Resina ep\u00f3xi colorida com pigmento transl\u00facido azul claro a verter num molde de silicone\"},{\"@type\":\"BreadcrumbList\",\"@id\":\"https:\/\/epoxy-emporium.pt\/produto\/pigmentos-translucidos\/#breadcrumb\",\"itemListElement\":[{\"@type\":\"ListItem\",\"position\":1,\"name\":\"Home\",\"item\":\"https:\/\/epoxy-emporium.pt\/pt\/\"},{\"@type\":\"ListItem\",\"position\":2,\"name\":\"Shop\",\"item\":\"https:\/\/epoxy-emporium.pt\/pt\/shop\/\"},{\"@type\":\"ListItem\",\"position\":3,\"name\":\"Pigmentos Transl\u00facidos\"}]},{\"@type\":\"WebSite\",\"@id\":\"https:\/\/epoxy-emporium.pt\/pt\/#website\",\"url\":\"https:\/\/epoxy-emporium.pt\/pt\/\",\"name\":\"Epoxy Emporium\",\"description\":\"\",\"publisher\":{\"@id\":\"https:\/\/epoxy-emporium.pt\/pt\/#organization\"},\"potentialAction\":[{\"@type\":\"SearchAction\",\"target\":{\"@type\":\"EntryPoint\",\"urlTemplate\":\"https:\/\/epoxy-emporium.pt\/pt\/?s={search_term_string}\"},\"query-input\":{\"@type\":\"PropertyValueSpecification\",\"valueRequired\":true,\"valueName\":\"search_term_string\"}}],\"inLanguage\":\"en-GB\"},{\"@type\":\"Organization\",\"@id\":\"https:\/\/epoxy-emporium.pt\/pt\/#organization\",\"name\":\"Epoxy Emporium\",\"url\":\"https:\/\/epoxy-emporium.pt\/pt\/\",\"logo\":{\"@type\":\"ImageObject\",\"inLanguage\":\"en-GB\",\"@id\":\"https:\/\/epoxy-emporium.pt\/pt\/#\/schema\/logo\/image\/\",\"url\":\"https:\/\/epoxy-emporium.pt\/wp-content\/uploads\/2023\/04\/Logo-x2.png\",\"contentUrl\":\"https:\/\/epoxy-emporium.pt\/wp-content\/uploads\/2023\/04\/Logo-x2.png\",\"width\":600,\"height\":160,\"caption\":\"Epoxy Emporium\"},\"image\":{\"@id\":\"https:\/\/epoxy-emporium.pt\/pt\/#\/schema\/logo\/image\/\"},\"sameAs\":[\"https:\/\/www.facebook.com\/EpoxyEmporium.Resina\/\",\"https:\/\/www.instagram.com\/epoxyemporium.resin\/\"]}]}<\/script>\n<!-- \/ Yoast SEO plugin. -->","yoast_head_json":{"title":"Pigmentos Transl\u00facidos para Efeitos em Resina | Epoxy Emporium","description":"Transforma os teus projetos com cores \u00fanicas! Bastam algumas gotas dos Pigmentos Transl\u00facidos para criar efeitos vibrantes na resina ep\u00f3xi.","robots":{"index":"index","follow":"follow","max-snippet":"max-snippet:-1","max-image-preview":"max-image-preview:large","max-video-preview":"max-video-preview:-1"},"canonical":"https:\/\/epoxy-emporium.pt\/en\/product\/pigmentos-translucidos\/","og_locale":"en_GB","og_type":"article","og_title":"Pigmentos Transl\u00facidos para Efeitos em Resina | Epoxy Emporium","og_description":"Transforma os teus projetos com cores \u00fanicas! Bastam algumas gotas dos Pigmentos Transl\u00facidos para criar efeitos vibrantes na resina ep\u00f3xi.","og_url":"https:\/\/epoxy-emporium.pt\/en\/product\/pigmentos-translucidos\/","og_site_name":"epoxy-emporium.pt","article_publisher":"https:\/\/www.facebook.com\/EpoxyEmporium.Resina\/","article_modified_time":"2025-01-05T17:23:20+00:00","og_image":[{"width":1200,"height":1200,"url":"https:\/\/epoxy-emporium.pt\/wp-content\/uploads\/2023\/08\/Pigmentos-translucidos_.jpg","type":"image\/jpeg"}],"twitter_card":"summary_large_image","twitter_misc":{"Estimated reading time":"2 minutes"},"schema":{"@context":"https:\/\/schema.org","@graph":[{"@type":"WebPage","@id":"https:\/\/epoxy-emporium.pt\/produto\/pigmentos-translucidos\/","url":"https:\/\/epoxy-emporium.pt\/produto\/pigmentos-translucidos\/","name":"Pigmentos Transl\u00facidos para Efeitos em Resina | Epoxy Emporium","isPartOf":{"@id":"https:\/\/epoxy-emporium.pt\/pt\/#website"},"primaryImageOfPage":{"@id":"https:\/\/epoxy-emporium.pt\/produto\/pigmentos-translucidos\/#primaryimage"},"image":{"@id":"https:\/\/epoxy-emporium.pt\/produto\/pigmentos-translucidos\/#primaryimage"},"thumbnailUrl":"https:\/\/epoxy-emporium.pt\/wp-content\/uploads\/2023\/08\/Pigmentos-translucidos_.jpg","datePublished":"2023-08-28T12:05:57+00:00","dateModified":"2025-01-05T17:23:20+00:00","description":"Transforma os teus projetos com cores \u00fanicas! Bastam algumas gotas dos Pigmentos Transl\u00facidos para criar efeitos vibrantes na resina ep\u00f3xi.","breadcrumb":{"@id":"https:\/\/epoxy-emporium.pt\/produto\/pigmentos-translucidos\/#breadcrumb"},"inLanguage":"en-GB","potentialAction":[{"@type":"ReadAction","target":["https:\/\/epoxy-emporium.pt\/produto\/pigmentos-translucidos\/"]}]},{"@type":"ImageObject","inLanguage":"en-GB","@id":"https:\/\/epoxy-emporium.pt\/produto\/pigmentos-translucidos\/#primaryimage","url":"https:\/\/epoxy-emporium.pt\/wp-content\/uploads\/2023\/08\/Pigmentos-translucidos_.jpg","contentUrl":"https:\/\/epoxy-emporium.pt\/wp-content\/uploads\/2023\/08\/Pigmentos-translucidos_.jpg","width":1200,"height":1200,"caption":"Resina ep\u00f3xi colorida com pigmento transl\u00facido azul claro a verter num molde de silicone"},{"@type":"BreadcrumbList","@id":"https:\/\/epoxy-emporium.pt\/produto\/pigmentos-translucidos\/#breadcrumb","itemListElement":[{"@type":"ListItem","position":1,"name":"Home","item":"https:\/\/epoxy-emporium.pt\/pt\/"},{"@type":"ListItem","position":2,"name":"Shop","item":"https:\/\/epoxy-emporium.pt\/pt\/shop\/"},{"@type":"ListItem","position":3,"name":"Pigmentos Transl\u00facidos"}]},{"@type":"WebSite","@id":"https:\/\/epoxy-emporium.pt\/pt\/#website","url":"https:\/\/epoxy-emporium.pt\/pt\/","name":"Epoxy Emporium","description":"","publisher":{"@id":"https:\/\/epoxy-emporium.pt\/pt\/#organization"},"potentialAction":[{"@type":"SearchAction","target":{"@type":"EntryPoint","urlTemplate":"https:\/\/epoxy-emporium.pt\/pt\/?s={search_term_string}"},"query-input":{"@type":"PropertyValueSpecification","valueRequired":true,"valueName":"search_term_string"}}],"inLanguage":"en-GB"},{"@type":"Organization","@id":"https:\/\/epoxy-emporium.pt\/pt\/#organization","name":"Epoxy Emporium","url":"https:\/\/epoxy-emporium.pt\/pt\/","logo":{"@type":"ImageObject","inLanguage":"en-GB","@id":"https:\/\/epoxy-emporium.pt\/pt\/#\/schema\/logo\/image\/","url":"https:\/\/epoxy-emporium.pt\/wp-content\/uploads\/2023\/04\/Logo-x2.png","contentUrl":"https:\/\/epoxy-emporium.pt\/wp-content\/uploads\/2023\/04\/Logo-x2.png","width":600,"height":160,"caption":"Epoxy Emporium"},"image":{"@id":"https:\/\/epoxy-emporium.pt\/pt\/#\/schema\/logo\/image\/"},"sameAs":["https:\/\/www.facebook.com\/EpoxyEmporium.Resina\/","https:\/\/www.instagram.com\/epoxyemporium.resin\/"]}]}},"_links":{"self":[{"href":"https:\/\/epoxy-emporium.pt\/en\/wp-json\/wp\/v2\/product\/2774","targetHints":{"allow":["GET"]}}],"collection":[{"href":"https:\/\/epoxy-emporium.pt\/en\/wp-json\/wp\/v2\/product"}],"about":[{"href":"https:\/\/epoxy-emporium.pt\/en\/wp-json\/wp\/v2\/types\/product"}],"replies":[{"embeddable":true,"href":"https:\/\/epoxy-emporium.pt\/en\/wp-json\/wp\/v2\/comments?post=2774"}],"version-history":[{"count":37,"href":"https:\/\/epoxy-emporium.pt\/en\/wp-json\/wp\/v2\/product\/2774\/revisions"}],"predecessor-version":[{"id":6180,"href":"https:\/\/epoxy-emporium.pt\/en\/wp-json\/wp\/v2\/product\/2774\/revisions\/6180"}],"wp:featuredmedia":[{"embeddable":true,"href":"https:\/\/epoxy-emporium.pt\/en\/wp-json\/wp\/v2\/media\/6178"}],"wp:attachment":[{"href":"https:\/\/epoxy-emporium.pt\/en\/wp-json\/wp\/v2\/media?parent=2774"}],"wp:term":[{"taxonomy":"product_brand","embeddable":true,"href":"https:\/\/epoxy-emporium.pt\/en\/wp-json\/wp\/v2\/product_brand?post=2774"},{"taxonomy":"product_cat","embeddable":true,"href":"https:\/\/epoxy-emporium.pt\/en\/wp-json\/wp\/v2\/product_cat?post=2774"},{"taxonomy":"product_tag","embeddable":true,"href":"https:\/\/epoxy-emporium.pt\/en\/wp-json\/wp\/v2\/product_tag?post=2774"}],"curies":[{"name":"wp","href":"https:\/\/api.w.org\/{rel}","templated":true}]}}