{"id":4360,"date":"2024-02-19T10:18:38","date_gmt":"2024-02-19T10:18:38","guid":{"rendered":"https:\/\/epoxy-emporium.pt\/?page_id=4360"},"modified":"2024-10-23T14:42:58","modified_gmt":"2024-10-23T14:42:58","slug":"calculadora","status":"publish","type":"page","link":"https:\/\/epoxy-emporium.pt\/en\/calculadora\/","title":{"rendered":"Calculadora"},"content":{"rendered":"<div data-elementor-type=\"wp-page\" data-elementor-id=\"4360\" class=\"elementor elementor-4360\" data-elementor-post-type=\"page\">\n\t\t\t\t\t\t<section class=\"elementor-section elementor-top-section elementor-element elementor-element-88d5b7d elementor-section-boxed elementor-section-height-default elementor-section-height-default\" data-id=\"88d5b7d\" data-element_type=\"section\">\n\t\t\t\t\t\t<div class=\"elementor-container elementor-column-gap-default\">\n\t\t\t\t\t<div class=\"elementor-column elementor-col-100 elementor-top-column elementor-element elementor-element-166109e\" data-id=\"166109e\" data-element_type=\"column\">\n\t\t\t<div class=\"elementor-widget-wrap elementor-element-populated\">\n\t\t\t\t\t\t<div class=\"elementor-element elementor-element-575c1f9 elementor-widget elementor-widget-heading\" data-id=\"575c1f9\" data-element_type=\"widget\" data-widget_type=\"heading.default\">\n\t\t\t\t<div class=\"elementor-widget-container\">\n\t\t\t\t\t<h1 class=\"elementor-heading-title elementor-size-default\">Calculadora<\/h1>\t\t\t\t<\/div>\n\t\t\t\t<\/div>\n\t\t\t\t<div class=\"elementor-element elementor-element-3975249 elementor-widget elementor-widget-text-editor\" data-id=\"3975249\" data-element_type=\"widget\" data-widget_type=\"text-editor.default\">\n\t\t\t\t<div class=\"elementor-widget-container\">\n\t\t\t\t\t\t\t\t\t<p>Se n\u00e3o sabes qual a quantidade de resina ep\u00f3xi que precisas para o teu projeto, ent\u00e3o a tua resposta est\u00e1 a um clique de dist\u00e2ncia.<\/p><p>Seja para revestir pavimentos, criar uma mesa-rio ou um geodo, a nossa calculadora d\u00e1-te, em segundos, a medida exata de A+B que precisas para obteres o resultado perfeito.<\/p>\t\t\t\t\t\t\t\t<\/div>\n\t\t\t\t<\/div>\n\t\t\t\t<div class=\"elementor-element elementor-element-28449d2 elementor-widget elementor-widget-stm_calc\" data-id=\"28449d2\" data-element_type=\"widget\" data-widget_type=\"stm_calc.default\">\n\t\t\t\t<div class=\"elementor-widget-container\">\n\t\t\t\t\t<script type=\"text\/javascript\">window[\"ccb_front_template_3665\"] = [];<\/script>\n<div class=\"ccb-main-widget\" id=\"ccb_app_3665\" data-calc-id=\"3665\"><\/div>\n\t\t\t\t<\/div>\n\t\t\t\t<\/div>\n\t\t\t\t\t<\/div>\n\t\t<\/div>\n\t\t\t\t\t<\/div>\n\t\t<\/section>\n\t\t\t\t<\/div>","protected":false},"excerpt":{"rendered":"<p>Calculadora Se n\u00e3o sabes qual a quantidade de resina ep\u00f3xi que precisas para o teu projeto, ent\u00e3o a tua resposta est\u00e1 a um clique de dist\u00e2ncia. Seja para revestir pavimentos, criar uma mesa-rio ou um geodo, a nossa calculadora d\u00e1-te, em segundos, a medida exata de A+B que precisas para obteres o resultado perfeito.<\/p>","protected":false},"author":1,"featured_media":0,"parent":0,"menu_order":0,"comment_status":"closed","ping_status":"closed","template":"elementor_header_footer","meta":{"_acf_changed":false,"footnotes":""},"class_list":["post-4360","page","type-page","status-publish","hentry"],"acf":[],"yoast_head":"<!-- This site is optimized with the Yoast SEO plugin v26.0 - https:\/\/yoast.com\/wordpress\/plugins\/seo\/ -->\n<title>Calculadora de Resina Ep\u00f3xi: Quanto vai Gastar | Epoxy Emporium<\/title>\n<meta name=\"description\" content=\"N\u00e3o sabes qual a quantidade de resina ep\u00f3xi que vais precisar para o teu projeto DIY? A nossa calculadora diz-te em segundos! Experimenta!\" \/>\n<meta name=\"robots\" content=\"index, follow, max-snippet:-1, max-image-preview:large, max-video-preview:-1\" \/>\n<link rel=\"canonical\" href=\"https:\/\/epoxy-emporium.pt\/en\/calculadora\/\" \/>\n<meta property=\"og:locale\" content=\"en_GB\" \/>\n<meta property=\"og:type\" content=\"article\" \/>\n<meta property=\"og:title\" content=\"Calculadora de Resina Ep\u00f3xi: Quanto vai Gastar | Epoxy Emporium\" \/>\n<meta property=\"og:description\" content=\"N\u00e3o sabes qual a quantidade de resina ep\u00f3xi que vais precisar para o teu projeto DIY? A nossa calculadora diz-te em segundos! Experimenta!\" \/>\n<meta property=\"og:url\" content=\"https:\/\/epoxy-emporium.pt\/en\/calculadora\/\" \/>\n<meta property=\"og:site_name\" content=\"epoxy-emporium.pt\" \/>\n<meta property=\"article:publisher\" content=\"https:\/\/www.facebook.com\/EpoxyEmporium.Resina\/\" \/>\n<meta property=\"article:modified_time\" content=\"2024-10-23T14:42:58+00:00\" \/>\n<meta name=\"twitter:card\" content=\"summary_large_image\" \/>\n<meta name=\"twitter:label1\" content=\"Estimated reading time\" \/>\n\t<meta name=\"twitter:data1\" content=\"1 minute\" \/>\n<script type=\"application\/ld+json\" class=\"yoast-schema-graph\">{\"@context\":\"https:\/\/schema.org\",\"@graph\":[{\"@type\":\"WebPage\",\"@id\":\"https:\/\/epoxy-emporium.pt\/pt\/calculadora\/\",\"url\":\"https:\/\/epoxy-emporium.pt\/pt\/calculadora\/\",\"name\":\"Calculadora de Resina Ep\u00f3xi: Quanto vai Gastar | Epoxy Emporium\",\"isPartOf\":{\"@id\":\"https:\/\/epoxy-emporium.pt\/pt\/#website\"},\"datePublished\":\"2024-02-19T10:18:38+00:00\",\"dateModified\":\"2024-10-23T14:42:58+00:00\",\"description\":\"N\u00e3o sabes qual a quantidade de resina ep\u00f3xi que vais precisar para o teu projeto DIY? A nossa calculadora diz-te em segundos! Experimenta!\",\"breadcrumb\":{\"@id\":\"https:\/\/epoxy-emporium.pt\/pt\/calculadora\/#breadcrumb\"},\"inLanguage\":\"en-GB\",\"potentialAction\":[{\"@type\":\"ReadAction\",\"target\":[\"https:\/\/epoxy-emporium.pt\/pt\/calculadora\/\"]}]},{\"@type\":\"BreadcrumbList\",\"@id\":\"https:\/\/epoxy-emporium.pt\/pt\/calculadora\/#breadcrumb\",\"itemListElement\":[{\"@type\":\"ListItem\",\"position\":1,\"name\":\"Home\",\"item\":\"https:\/\/epoxy-emporium.pt\/pt\/\"},{\"@type\":\"ListItem\",\"position\":2,\"name\":\"Calculadora\"}]},{\"@type\":\"WebSite\",\"@id\":\"https:\/\/epoxy-emporium.pt\/pt\/#website\",\"url\":\"https:\/\/epoxy-emporium.pt\/pt\/\",\"name\":\"Epoxy Emporium\",\"description\":\"\",\"publisher\":{\"@id\":\"https:\/\/epoxy-emporium.pt\/pt\/#organization\"},\"potentialAction\":[{\"@type\":\"SearchAction\",\"target\":{\"@type\":\"EntryPoint\",\"urlTemplate\":\"https:\/\/epoxy-emporium.pt\/pt\/?s={search_term_string}\"},\"query-input\":{\"@type\":\"PropertyValueSpecification\",\"valueRequired\":true,\"valueName\":\"search_term_string\"}}],\"inLanguage\":\"en-GB\"},{\"@type\":\"Organization\",\"@id\":\"https:\/\/epoxy-emporium.pt\/pt\/#organization\",\"name\":\"Epoxy Emporium\",\"url\":\"https:\/\/epoxy-emporium.pt\/pt\/\",\"logo\":{\"@type\":\"ImageObject\",\"inLanguage\":\"en-GB\",\"@id\":\"https:\/\/epoxy-emporium.pt\/pt\/#\/schema\/logo\/image\/\",\"url\":\"https:\/\/epoxy-emporium.pt\/wp-content\/uploads\/2023\/04\/Logo-x2.png\",\"contentUrl\":\"https:\/\/epoxy-emporium.pt\/wp-content\/uploads\/2023\/04\/Logo-x2.png\",\"width\":600,\"height\":160,\"caption\":\"Epoxy Emporium\"},\"image\":{\"@id\":\"https:\/\/epoxy-emporium.pt\/pt\/#\/schema\/logo\/image\/\"},\"sameAs\":[\"https:\/\/www.facebook.com\/EpoxyEmporium.Resina\/\",\"https:\/\/www.instagram.com\/epoxyemporium.resin\/\"]}]}<\/script>\n<!-- \/ Yoast SEO plugin. -->","yoast_head_json":{"title":"Calculadora de Resina Ep\u00f3xi: Quanto vai Gastar | Epoxy Emporium","description":"N\u00e3o sabes qual a quantidade de resina ep\u00f3xi que vais precisar para o teu projeto DIY? A nossa calculadora diz-te em segundos! Experimenta!","robots":{"index":"index","follow":"follow","max-snippet":"max-snippet:-1","max-image-preview":"max-image-preview:large","max-video-preview":"max-video-preview:-1"},"canonical":"https:\/\/epoxy-emporium.pt\/en\/calculadora\/","og_locale":"en_GB","og_type":"article","og_title":"Calculadora de Resina Ep\u00f3xi: Quanto vai Gastar | Epoxy Emporium","og_description":"N\u00e3o sabes qual a quantidade de resina ep\u00f3xi que vais precisar para o teu projeto DIY? A nossa calculadora diz-te em segundos! Experimenta!","og_url":"https:\/\/epoxy-emporium.pt\/en\/calculadora\/","og_site_name":"epoxy-emporium.pt","article_publisher":"https:\/\/www.facebook.com\/EpoxyEmporium.Resina\/","article_modified_time":"2024-10-23T14:42:58+00:00","twitter_card":"summary_large_image","twitter_misc":{"Estimated reading time":"1 minute"},"schema":{"@context":"https:\/\/schema.org","@graph":[{"@type":"WebPage","@id":"https:\/\/epoxy-emporium.pt\/pt\/calculadora\/","url":"https:\/\/epoxy-emporium.pt\/pt\/calculadora\/","name":"Calculadora de Resina Ep\u00f3xi: Quanto vai Gastar | Epoxy Emporium","isPartOf":{"@id":"https:\/\/epoxy-emporium.pt\/pt\/#website"},"datePublished":"2024-02-19T10:18:38+00:00","dateModified":"2024-10-23T14:42:58+00:00","description":"N\u00e3o sabes qual a quantidade de resina ep\u00f3xi que vais precisar para o teu projeto DIY? A nossa calculadora diz-te em segundos! Experimenta!","breadcrumb":{"@id":"https:\/\/epoxy-emporium.pt\/pt\/calculadora\/#breadcrumb"},"inLanguage":"en-GB","potentialAction":[{"@type":"ReadAction","target":["https:\/\/epoxy-emporium.pt\/pt\/calculadora\/"]}]},{"@type":"BreadcrumbList","@id":"https:\/\/epoxy-emporium.pt\/pt\/calculadora\/#breadcrumb","itemListElement":[{"@type":"ListItem","position":1,"name":"Home","item":"https:\/\/epoxy-emporium.pt\/pt\/"},{"@type":"ListItem","position":2,"name":"Calculadora"}]},{"@type":"WebSite","@id":"https:\/\/epoxy-emporium.pt\/pt\/#website","url":"https:\/\/epoxy-emporium.pt\/pt\/","name":"Epoxy Emporium","description":"","publisher":{"@id":"https:\/\/epoxy-emporium.pt\/pt\/#organization"},"potentialAction":[{"@type":"SearchAction","target":{"@type":"EntryPoint","urlTemplate":"https:\/\/epoxy-emporium.pt\/pt\/?s={search_term_string}"},"query-input":{"@type":"PropertyValueSpecification","valueRequired":true,"valueName":"search_term_string"}}],"inLanguage":"en-GB"},{"@type":"Organization","@id":"https:\/\/epoxy-emporium.pt\/pt\/#organization","name":"Epoxy Emporium","url":"https:\/\/epoxy-emporium.pt\/pt\/","logo":{"@type":"ImageObject","inLanguage":"en-GB","@id":"https:\/\/epoxy-emporium.pt\/pt\/#\/schema\/logo\/image\/","url":"https:\/\/epoxy-emporium.pt\/wp-content\/uploads\/2023\/04\/Logo-x2.png","contentUrl":"https:\/\/epoxy-emporium.pt\/wp-content\/uploads\/2023\/04\/Logo-x2.png","width":600,"height":160,"caption":"Epoxy Emporium"},"image":{"@id":"https:\/\/epoxy-emporium.pt\/pt\/#\/schema\/logo\/image\/"},"sameAs":["https:\/\/www.facebook.com\/EpoxyEmporium.Resina\/","https:\/\/www.instagram.com\/epoxyemporium.resin\/"]}]}},"_links":{"self":[{"href":"https:\/\/epoxy-emporium.pt\/en\/wp-json\/wp\/v2\/pages\/4360","targetHints":{"allow":["GET"]}}],"collection":[{"href":"https:\/\/epoxy-emporium.pt\/en\/wp-json\/wp\/v2\/pages"}],"about":[{"href":"https:\/\/epoxy-emporium.pt\/en\/wp-json\/wp\/v2\/types\/page"}],"author":[{"embeddable":true,"href":"https:\/\/epoxy-emporium.pt\/en\/wp-json\/wp\/v2\/users\/1"}],"replies":[{"embeddable":true,"href":"https:\/\/epoxy-emporium.pt\/en\/wp-json\/wp\/v2\/comments?post=4360"}],"version-history":[{"count":25,"href":"https:\/\/epoxy-emporium.pt\/en\/wp-json\/wp\/v2\/pages\/4360\/revisions"}],"predecessor-version":[{"id":6254,"href":"https:\/\/epoxy-emporium.pt\/en\/wp-json\/wp\/v2\/pages\/4360\/revisions\/6254"}],"wp:attachment":[{"href":"https:\/\/epoxy-emporium.pt\/en\/wp-json\/wp\/v2\/media?parent=4360"}],"curies":[{"name":"wp","href":"https:\/\/api.w.org\/{rel}","templated":true}]}}